{"id":56,"date":"2021-08-22T19:39:27","date_gmt":"2021-08-22T19:39:27","guid":{"rendered":"http:\/\/www.lukostrelecka-akademia.sk\/?page_id=56"},"modified":"2021-08-29T13:47:24","modified_gmt":"2021-08-29T13:47:24","slug":"treningy-pre-pokrocilych","status":"publish","type":"page","link":"https:\/\/www.lukostrelecka-akademia.sk\/index.php\/treningy-pre-pokrocilych\/","title":{"rendered":"Tr\u00e9ningy pre pokro\u010dil\u00fdch"},"content":{"rendered":"\n<p>Tieto tr\u00e9ningy s\u00fa pre v\u0161etk\u00fdch, ktor\u00ed ukon\u010dili za\u010diato\u010dn\u00edcky tr\u00e9ningov\u00fd program v\u00a0na\u0161ej akad\u00e9mii, alebo s\u00fa strelcami in\u00fdch klubov, ktor\u00ed sa chc\u00fa v\u00a0lukostre\u013ebe zdokona\u013eova\u0165. Strelcov individu\u00e1lne analyzujeme a\u00a0priprav\u00edme pre nich potrebn\u00fd tr\u00e9ningov\u00fd program, kde sa zdokona\u013euj\u00fa v\u00a0technike stre\u013eby a\u00a0pripravuj\u00fa sa po fyzickej a\u00a0ment\u00e1lnej str\u00e1nke pre \u00fa\u010das\u0165 na s\u00fa\u0165a\u017eiach v\u00a0r\u00e1mci Slovenska. Strelci absolvuj\u00fa 2-3 tr\u00e9ningov\u00e9 jednotky t\u00fd\u017edenne a\u00a0z\u00e1rove\u0148 sa vzdel\u00e1vaj\u00fa v\u00a0r\u00f4znych smeroch, ako s\u00fa napr\u00edklad starostlivos\u0165 o\u00a0luk a\u00a0\u0161\u00edpy, ladenie lukov, princ\u00edpy tr\u00e9ningu a\u00a0techniky stre\u013eby a\u00a0mnoho \u010fal\u0161\u00edch.<\/p>\n\n\n\n<figure class=\"wp-block-image alignfull size-large\"><img loading=\"lazy\" width=\"1000\" height=\"750\" src=\"http:\/\/www.lukostrelecka-akademia.sk\/wp-content\/uploads\/2021\/08\/20200118_104622.jpg\" alt=\"\" class=\"wp-image-164\" srcset=\"https:\/\/www.lukostrelecka-akademia.sk\/wp-content\/uploads\/2021\/08\/20200118_104622.jpg 1000w, https:\/\/www.lukostrelecka-akademia.sk\/wp-content\/uploads\/2021\/08\/20200118_104622-300x225.jpg 300w, https:\/\/www.lukostrelecka-akademia.sk\/wp-content\/uploads\/2021\/08\/20200118_104622-768x576.jpg 768w, https:\/\/www.lukostrelecka-akademia.sk\/wp-content\/uploads\/2021\/08\/20200118_104622-200x150.jpg 200w, https:\/\/www.lukostrelecka-akademia.sk\/wp-content\/uploads\/2021\/08\/20200118_104622-389x292.jpg 389w\" sizes=\"(max-width: 1000px) 100vw, 1000px\" \/><\/figure>\n","protected":false},"excerpt":{"rendered":"<p>Tieto tr\u00e9ningy s\u00fa pre v\u0161etk\u00fdch, ktor\u00ed ukon\u010dili za\u010diato\u010dn\u00edcky tr\u00e9ningov\u00fd program v\u00a0na\u0161ej akad\u00e9mii, alebo s\u00fa strelcami in\u00fdch klubov, ktor\u00ed sa chc\u00fa v\u00a0lukostre\u013ebe zdokona\u013eova\u0165. Strelcov individu\u00e1lne analyzujeme a\u00a0priprav\u00edme pre nich potrebn\u00fd tr\u00e9ningov\u00fd program, kde sa zdokona\u013euj\u00fa v\u00a0technike &hellip;<\/p>\n","protected":false},"author":1,"featured_media":0,"parent":0,"menu_order":0,"comment_status":"closed","ping_status":"closed","template":"","meta":[],"_links":{"self":[{"href":"https:\/\/www.lukostrelecka-akademia.sk\/index.php\/wp-json\/wp\/v2\/pages\/56"}],"collection":[{"href":"https:\/\/www.lukostrelecka-akademia.sk\/index.php\/wp-json\/wp\/v2\/pages"}],"about":[{"href":"https:\/\/www.lukostrelecka-akademia.sk\/index.php\/wp-json\/wp\/v2\/types\/page"}],"author":[{"embeddable":true,"href":"https:\/\/www.lukostrelecka-akademia.sk\/index.php\/wp-json\/wp\/v2\/users\/1"}],"replies":[{"embeddable":true,"href":"https:\/\/www.lukostrelecka-akademia.sk\/index.php\/wp-json\/wp\/v2\/comments?post=56"}],"version-history":[{"count":2,"href":"https:\/\/www.lukostrelecka-akademia.sk\/index.php\/wp-json\/wp\/v2\/pages\/56\/revisions"}],"predecessor-version":[{"id":199,"href":"https:\/\/www.lukostrelecka-akademia.sk\/index.php\/wp-json\/wp\/v2\/pages\/56\/revisions\/199"}],"wp:attachment":[{"href":"https:\/\/www.lukostrelecka-akademia.sk\/index.php\/wp-json\/wp\/v2\/media?parent=56"}],"curies":[{"name":"wp","href":"https:\/\/api.w.org\/{rel}","templated":true}]}}