{"id":50,"date":"2021-08-22T19:35:27","date_gmt":"2021-08-22T19:35:27","guid":{"rendered":"http:\/\/www.lukostrelecka-akademia.sk\/?page_id=50"},"modified":"2021-08-22T19:35:28","modified_gmt":"2021-08-22T19:35:28","slug":"sustredenia-a-individualne-treningy","status":"publish","type":"page","link":"https:\/\/www.lukostrelecka-akademia.sk\/index.php\/sustredenia-a-individualne-treningy\/","title":{"rendered":"S\u00fastredenia a individu\u00e1lne tr\u00e9ningy"},"content":{"rendered":"\n<p>Cie\u013eom na\u0161ej akad\u00e9mie je zlep\u0161ovanie tr\u00e9ningov\u00fdch podmienok a\u00a0v\u00fdkonnosti strelcov nie len na\u0161om regi\u00f3ne ale aj po celom Slovensku. Z\u00a0tohto d\u00f4vodu d\u00e1vame mo\u017enos\u0165 individu\u00e1lnych tr\u00e9ningov alebo organizovanie s\u00fastreden\u00ed, kde poskytujeme v\u0161etko vybavenie strelnice a\u00a0n\u00e1\u0161 kou\u010ding. Po individu\u00e1lnej anal\u00fdze streleckej techniky a\u00a0v\u00fdkonnosti strelcov si pre v\u00e1s priprav\u00edme tr\u00e9ningov\u00fd pl\u00e1n, pom\u00f4\u017eeme vo vylep\u0161ovan\u00ed techniky stre\u013eby, laden\u00ed lukov alebo kondi\u010dnej pr\u00edprave, pod\u013ea va\u0161ich potrieb.<\/p>\n","protected":false},"excerpt":{"rendered":"<p>Cie\u013eom na\u0161ej akad\u00e9mie je zlep\u0161ovanie tr\u00e9ningov\u00fdch podmienok a\u00a0v\u00fdkonnosti strelcov nie len na\u0161om regi\u00f3ne ale aj po celom Slovensku. Z\u00a0tohto d\u00f4vodu d\u00e1vame mo\u017enos\u0165 individu\u00e1lnych tr\u00e9ningov alebo organizovanie s\u00fastreden\u00ed, kde poskytujeme v\u0161etko vybavenie strelnice a\u00a0n\u00e1\u0161 kou\u010ding. Po &hellip;<\/p>\n","protected":false},"author":1,"featured_media":0,"parent":0,"menu_order":0,"comment_status":"closed","ping_status":"closed","template":"","meta":[],"_links":{"self":[{"href":"https:\/\/www.lukostrelecka-akademia.sk\/index.php\/wp-json\/wp\/v2\/pages\/50"}],"collection":[{"href":"https:\/\/www.lukostrelecka-akademia.sk\/index.php\/wp-json\/wp\/v2\/pages"}],"about":[{"href":"https:\/\/www.lukostrelecka-akademia.sk\/index.php\/wp-json\/wp\/v2\/types\/page"}],"author":[{"embeddable":true,"href":"https:\/\/www.lukostrelecka-akademia.sk\/index.php\/wp-json\/wp\/v2\/users\/1"}],"replies":[{"embeddable":true,"href":"https:\/\/www.lukostrelecka-akademia.sk\/index.php\/wp-json\/wp\/v2\/comments?post=50"}],"version-history":[{"count":1,"href":"https:\/\/www.lukostrelecka-akademia.sk\/index.php\/wp-json\/wp\/v2\/pages\/50\/revisions"}],"predecessor-version":[{"id":51,"href":"https:\/\/www.lukostrelecka-akademia.sk\/index.php\/wp-json\/wp\/v2\/pages\/50\/revisions\/51"}],"wp:attachment":[{"href":"https:\/\/www.lukostrelecka-akademia.sk\/index.php\/wp-json\/wp\/v2\/media?parent=50"}],"curies":[{"name":"wp","href":"https:\/\/api.w.org\/{rel}","templated":true}]}}