{"id":48,"date":"2021-08-22T19:34:49","date_gmt":"2021-08-22T19:34:49","guid":{"rendered":"http:\/\/www.lukostrelecka-akademia.sk\/?page_id=48"},"modified":"2021-08-22T19:34:50","modified_gmt":"2021-08-22T19:34:50","slug":"seminare","status":"publish","type":"page","link":"https:\/\/www.lukostrelecka-akademia.sk\/index.php\/seminare\/","title":{"rendered":"Semin\u00e1re"},"content":{"rendered":"\n<p>Pre rast\u00faci z\u00e1ujem v\u00a0oblasti vzdel\u00e1vania v\u00a0lukostre\u013ebe m\u00e1me pre v\u0161etk\u00fdch z\u00e1ujemcov pripraven\u00e9 semin\u00e1re o\u00a0technike stre\u013eby, laden\u00ed lukov, kou\u010dingu, anal\u00fdze streleckej techniky a\u00a0met\u00f3dy zlep\u0161ovania, d\u00f4le\u017eitosti tr\u00e9ningu a\u00a0tr\u00e9ningov\u00fdch pl\u00e1nov a\u00a0tie\u017e o\u00a0fyzickej a\u00a0ment\u00e1lnej pr\u00edprave potrebnej pre lukostre\u013ebu. To v\u0161etko dok\u00e1\u017eeme zabezpe\u010di\u0165 pod\u013ea Va\u0161ich individu\u00e1lnych po\u017eiadaviek.<\/p>\n","protected":false},"excerpt":{"rendered":"<p>Pre rast\u00faci z\u00e1ujem v\u00a0oblasti vzdel\u00e1vania v\u00a0lukostre\u013ebe m\u00e1me pre v\u0161etk\u00fdch z\u00e1ujemcov pripraven\u00e9 semin\u00e1re o\u00a0technike stre\u013eby, laden\u00ed lukov, kou\u010dingu, anal\u00fdze streleckej techniky a\u00a0met\u00f3dy zlep\u0161ovania, d\u00f4le\u017eitosti tr\u00e9ningu a\u00a0tr\u00e9ningov\u00fdch pl\u00e1nov a\u00a0tie\u017e o\u00a0fyzickej a\u00a0ment\u00e1lnej pr\u00edprave potrebnej pre lukostre\u013ebu. To v\u0161etko &hellip;<\/p>\n","protected":false},"author":1,"featured_media":0,"parent":0,"menu_order":0,"comment_status":"closed","ping_status":"closed","template":"","meta":[],"_links":{"self":[{"href":"https:\/\/www.lukostrelecka-akademia.sk\/index.php\/wp-json\/wp\/v2\/pages\/48"}],"collection":[{"href":"https:\/\/www.lukostrelecka-akademia.sk\/index.php\/wp-json\/wp\/v2\/pages"}],"about":[{"href":"https:\/\/www.lukostrelecka-akademia.sk\/index.php\/wp-json\/wp\/v2\/types\/page"}],"author":[{"embeddable":true,"href":"https:\/\/www.lukostrelecka-akademia.sk\/index.php\/wp-json\/wp\/v2\/users\/1"}],"replies":[{"embeddable":true,"href":"https:\/\/www.lukostrelecka-akademia.sk\/index.php\/wp-json\/wp\/v2\/comments?post=48"}],"version-history":[{"count":1,"href":"https:\/\/www.lukostrelecka-akademia.sk\/index.php\/wp-json\/wp\/v2\/pages\/48\/revisions"}],"predecessor-version":[{"id":49,"href":"https:\/\/www.lukostrelecka-akademia.sk\/index.php\/wp-json\/wp\/v2\/pages\/48\/revisions\/49"}],"wp:attachment":[{"href":"https:\/\/www.lukostrelecka-akademia.sk\/index.php\/wp-json\/wp\/v2\/media?parent=48"}],"curies":[{"name":"wp","href":"https:\/\/api.w.org\/{rel}","templated":true}]}}