{"id":44,"date":"2021-08-22T19:31:23","date_gmt":"2021-08-22T19:31:23","guid":{"rendered":"http:\/\/www.lukostrelecka-akademia.sk\/?page_id=44"},"modified":"2021-08-29T13:42:03","modified_gmt":"2021-08-29T13:42:03","slug":"profil-trenera","status":"publish","type":"page","link":"https:\/\/www.lukostrelecka-akademia.sk\/index.php\/profil-trenera\/","title":{"rendered":"Profil tr\u00e9nera"},"content":{"rendered":"\n<p><strong><a href=\"https:\/\/worldarchery.sport\/profile\/8128\/juraj-duchon\/biography\" target=\"_blank\" rel=\"noreferrer noopener\">Juraj Ducho\u0148<\/a><\/strong><\/p>\n\n\n\n<div class=\"wp-block-image\"><figure class=\"alignright size-large\"><img loading=\"lazy\" width=\"300\" height=\"300\" src=\"https:\/\/www.lukostrelecka-akademia.sk\/wp-content\/uploads\/2021\/08\/duro-fotka.jpg\" alt=\"\" class=\"wp-image-192\" srcset=\"https:\/\/www.lukostrelecka-akademia.sk\/wp-content\/uploads\/2021\/08\/duro-fotka.jpg 300w, https:\/\/www.lukostrelecka-akademia.sk\/wp-content\/uploads\/2021\/08\/duro-fotka-150x150.jpg 150w\" sizes=\"(max-width: 300px) 100vw, 300px\" \/><figcaption><a href=\"https:\/\/worldarchery.sport\/profile\/8128\/juraj-duchon\/biography\" target=\"_blank\" rel=\"noreferrer noopener\">World Archery &#8211; Biography<\/a><\/figcaption><\/figure><\/div>\n\n\n\n<p>2021                    &#8211; 7.miesto na Majstrovstv\u00e1ch Eur\u00f3py v s\u00fa\u0165a\u017ei zmie\u0161an\u00fdch dru\u017estiev<\/p>\n\n\n\n<p>2021                    &#8211; \u00fa\u010dastn\u00edk Olympijsk\u00e9ho kvalifika\u010dn\u00e9ho turnaja, European Grand Prix a i.<\/p>\n\n\n\n<p>2020                    &#8211; \u010dlen disciplin\u00e1rnej komisie SLZ<\/p>\n\n\n\n<p>2020                    &#8211; absolvent FTV\u0160 a Pre\u0161ovskej univerzity v Pre\u0161ove &#8211; fakulta \u0161portu<\/p>\n\n\n\n<p>2019 &#8211; s\u00fa\u010dasnos\u0165 &#8211; extern\u00fd tr\u00e9ner pre ml\u00e1de\u017en\u00edckych strelcov a reprezentantov v r\u00f4znych spolupracuj\u00facich kluboch na Slovensku<\/p>\n\n\n\n<p>2019&nbsp;&nbsp;&nbsp;&nbsp;&nbsp;&nbsp;&nbsp;&nbsp;&nbsp;&nbsp;&nbsp;&nbsp;&nbsp;&nbsp;&nbsp;&nbsp;&nbsp;&nbsp;&nbsp;&nbsp; &#8211; tr\u00e9ning s&nbsp;k\u00f3rejsk\u00fdm profesion\u00e1lnym t\u00edmom Kolon X10-Boyz (KOR)<\/p>\n\n\n\n<p>2018&nbsp;&nbsp;&nbsp;&nbsp;&nbsp;&nbsp;&nbsp;&nbsp;&nbsp;&nbsp;&nbsp;&nbsp;&nbsp;&nbsp;&nbsp;&nbsp;&nbsp;&nbsp;&nbsp;&nbsp; &#8211; absolvent tr\u00e9nersk\u00e9ho \u0161kolenia K\u00f3rejsk\u00e9ho lukostreleck\u00e9ho zv\u00e4zu<\/p>\n\n\n\n<p>2017 \u2013 2019&nbsp;&nbsp;&nbsp;&nbsp;&nbsp;&nbsp;&nbsp; \u2013 tr\u00e9ning s&nbsp;k\u00f3rejsk\u00fdm profesion\u00e1lnym t\u00edmom Hyundai department store (KOR)<\/p>\n\n\n\n<p>2015 \u2013 s\u00fa\u010dasnos\u0165 \u2013 spolupr\u00e1ca s&nbsp;tr\u00e9nerom Dongeun Suk (KOR)<\/p>\n\n\n\n<p>2015                    &#8211; \u00fa\u010dastn\u00edk Univerzi\u00e1dy v Gwangju (KOR)<\/p>\n\n\n\n<p>2014                     &#8211; kvalifika\u010dn\u00e9 3.miesto na Juniorsk\u00fdch Majstrovstv\u00e1ch Eur\u00f3py v \u013djub\u013eane (SLO) <\/p>\n\n\n\n<p>2013 \u2013 s\u00fa\u010dasnos\u0165 \u2013 spolupr\u00e1ca s&nbsp;ment\u00e1lnym kou\u010dom Miroslavom Mackul\u00ednom<\/p>\n\n\n\n<p>2013 \u2013 2014&nbsp;&nbsp;&nbsp;&nbsp;&nbsp;&nbsp;&nbsp; \u2013 spolupr\u00e1ca s&nbsp;tr\u00e9nerom Kim Hyung Tak (KOR)<\/p>\n\n\n\n<p>2012 &#8211; s\u00fa\u010dasnos\u0165 &#8211; \u010dlen seniorskej reprezent\u00e1cie Slovenska<\/p>\n\n\n\n<p>2009 &#8211; 2015         &#8211; \u010dlen ml\u00e1de\u017en\u00edckej reprezent\u00e1cie Slovenska <\/p>\n\n\n\n<p><strong><a href=\"https:\/\/worldarchery.sport\/profile\/6423\/miroslav-duchon\/biography\" target=\"_blank\" rel=\"noreferrer noopener\">Miroslav Ducho\u0148<\/a><\/strong><\/p>\n\n\n\n<div class=\"wp-block-image\"><figure class=\"alignright size-large\"><img loading=\"lazy\" width=\"300\" height=\"300\" src=\"https:\/\/www.lukostrelecka-akademia.sk\/wp-content\/uploads\/2021\/08\/miro-fotka.jpg\" alt=\"\" class=\"wp-image-189\" srcset=\"https:\/\/www.lukostrelecka-akademia.sk\/wp-content\/uploads\/2021\/08\/miro-fotka.jpg 300w, https:\/\/www.lukostrelecka-akademia.sk\/wp-content\/uploads\/2021\/08\/miro-fotka-150x150.jpg 150w\" sizes=\"(max-width: 300px) 100vw, 300px\" \/><figcaption><a href=\"https:\/\/worldarchery.sport\/profile\/6423\/miroslav-duchon\/biography\" target=\"_blank\" rel=\"noreferrer noopener\">World archery &#8211; biography<\/a><\/figcaption><\/figure><\/div>\n\n\n\n<p>2021                    &#8211; \u00fa\u010dastn\u00edk Majstrovstiev Eur\u00f3py, Olympijsk\u00e9ho kvalifika\u010dn\u00e9ho turnaja, European Grand Prix a i.<\/p>\n\n\n\n<p>2021                     &#8211; tr\u00e9ner reprezentantov SZTP\u0160<\/p>\n\n\n\n<p>2021                     &#8211; tr\u00e9ner juniorskej reprezent\u00e1cie Slovenska<\/p>\n\n\n\n<p>2020                     &#8211; \u010dlen reprezenta\u010dnej komisie<\/p>\n\n\n\n<p>2019 \u2013 2020&nbsp;&nbsp;&nbsp;&nbsp;&nbsp;&nbsp;&nbsp;  &#8211; tr\u00e9ner v&nbsp;lukostreleckej akad\u00e9mii Golden Bow (KOR)<\/p>\n\n\n\n<p>2019&nbsp;&nbsp;&nbsp;&nbsp;&nbsp;&nbsp;&nbsp;&nbsp;&nbsp;&nbsp;&nbsp;&nbsp;&nbsp;&nbsp;&nbsp;&nbsp;&nbsp;&nbsp;&nbsp;&nbsp; &#8211; tr\u00e9ning s&nbsp;k\u00f3rejsk\u00fdm profesion\u00e1lnym t\u00edmom Kolon X10-Boyz (KOR)<\/p>\n\n\n\n<p>2018&nbsp;&nbsp;&nbsp;&nbsp;&nbsp;&nbsp;&nbsp;&nbsp;&nbsp;&nbsp;&nbsp;&nbsp;&nbsp;&nbsp;&nbsp;&nbsp;&nbsp;&nbsp;&nbsp;&nbsp; &#8211; absolvent tr\u00e9nersk\u00e9ho \u0161kolenia K\u00f3rejsk\u00e9ho lukostreleck\u00e9ho zv\u00e4zu<\/p>\n\n\n\n<p>2017 \u2013 2020&nbsp;&nbsp;&nbsp;&nbsp;&nbsp;&nbsp;&nbsp; \u2013 tr\u00e9ning s&nbsp;k\u00f3rejsk\u00fdm profesion\u00e1lnym t\u00edmom Hyundai department store (KOR)<\/p>\n\n\n\n<p>2015 \u2013 s\u00fa\u010dasnos\u0165 \u2013 spolupr\u00e1ca s&nbsp;tr\u00e9nerom Dongeun Suk (KOR)<\/p>\n\n\n\n<p>2013 \u2013 s\u00fa\u010dasnos\u0165 \u2013 spolupr\u00e1ca s&nbsp;ment\u00e1lnym kou\u010dom Miroslavom Mackul\u00ednom<\/p>\n\n\n\n<p>2013 \u2013 2014&nbsp;&nbsp;&nbsp;&nbsp;&nbsp;&nbsp;&nbsp; \u2013 spolupr\u00e1ca s&nbsp;tr\u00e9nerom Kim Hyung Tak (KOR)<\/p>\n\n\n\n<p>2008 \u2013 s\u00fa\u010dasnos\u0165 \u2013 \u010dlen seniorskej reprezent\u00e1cie SR<\/p>\n\n\n\n<p>2006 \u2013 2011&nbsp;&nbsp;&nbsp;&nbsp;&nbsp;&nbsp;&nbsp; \u2013 \u010dlen ml\u00e1de\u017en\u00edckej reprezent\u00e1cie SR<\/p>\n","protected":false},"excerpt":{"rendered":"<p>Juraj Ducho\u0148 2021 &#8211; 7.miesto na Majstrovstv\u00e1ch Eur\u00f3py v s\u00fa\u0165a\u017ei zmie\u0161an\u00fdch dru\u017estiev 2021 &#8211; \u00fa\u010dastn\u00edk Olympijsk\u00e9ho kvalifika\u010dn\u00e9ho turnaja, European Grand Prix a i. 2020 &#8211; \u010dlen disciplin\u00e1rnej komisie SLZ 2020 &#8211; absolvent FTV\u0160 a Pre\u0161ovskej &hellip;<\/p>\n","protected":false},"author":1,"featured_media":0,"parent":0,"menu_order":0,"comment_status":"closed","ping_status":"closed","template":"","meta":[],"_links":{"self":[{"href":"https:\/\/www.lukostrelecka-akademia.sk\/index.php\/wp-json\/wp\/v2\/pages\/44"}],"collection":[{"href":"https:\/\/www.lukostrelecka-akademia.sk\/index.php\/wp-json\/wp\/v2\/pages"}],"about":[{"href":"https:\/\/www.lukostrelecka-akademia.sk\/index.php\/wp-json\/wp\/v2\/types\/page"}],"author":[{"embeddable":true,"href":"https:\/\/www.lukostrelecka-akademia.sk\/index.php\/wp-json\/wp\/v2\/users\/1"}],"replies":[{"embeddable":true,"href":"https:\/\/www.lukostrelecka-akademia.sk\/index.php\/wp-json\/wp\/v2\/comments?post=44"}],"version-history":[{"count":7,"href":"https:\/\/www.lukostrelecka-akademia.sk\/index.php\/wp-json\/wp\/v2\/pages\/44\/revisions"}],"predecessor-version":[{"id":197,"href":"https:\/\/www.lukostrelecka-akademia.sk\/index.php\/wp-json\/wp\/v2\/pages\/44\/revisions\/197"}],"wp:attachment":[{"href":"https:\/\/www.lukostrelecka-akademia.sk\/index.php\/wp-json\/wp\/v2\/media?parent=44"}],"curies":[{"name":"wp","href":"https:\/\/api.w.org\/{rel}","templated":true}]}}