{"id":42,"date":"2021-08-22T19:28:37","date_gmt":"2021-08-22T19:28:37","guid":{"rendered":"http:\/\/www.lukostrelecka-akademia.sk\/?page_id=42"},"modified":"2021-08-22T19:28:37","modified_gmt":"2021-08-22T19:28:37","slug":"predaj-lukostreleckeho-naradia","status":"publish","type":"page","link":"https:\/\/www.lukostrelecka-akademia.sk\/index.php\/predaj-lukostreleckeho-naradia\/","title":{"rendered":"Predaj lukostreleck\u00e9ho n\u00e1radia"},"content":{"rendered":"\n<p>Pre v\u0161etk\u00fdch z\u00e1ujemcov o\u00a0lukostre\u013ebu poskytujeme aj mo\u017enos\u0165 n\u00e1kupu lukostreleck\u00e9ho n\u00e1radia priamo u\u00a0n\u00e1s, pod\u013ea va\u0161ich individu\u00e1lnych po\u017eiadaviek. Na\u0161im cie\u013eom je zabezpe\u010denie objedn\u00e1vky v\u00a0\u010do najni\u017e\u0161ej cene a\u00a0\u010do najkrat\u0161om mo\u017enom \u010dase k\u00a0spokojnosti v\u0161etk\u00fdch z\u00e1kazn\u00edkov. Prioritne sa venujeme predaju \u0161portov\u00e9ho lukostreleck\u00e9ho n\u00e1radia a\u00a0r\u00f4znych doplnkov od \u00fapln\u00fdch za\u010diato\u010dn\u00edkov a\u017e po profesion\u00e1lov s\u00a0najvy\u0161\u0161\u00edmi n\u00e1rokmi. Ak si pri objedn\u00e1vke nie ste ist\u00ed a\u00a0potrebujete sa poradi\u0165, kontaktujte n\u00e1s a\u00a0my V\u00e1m radi pom\u00f4\u017eeme.<\/p>\n","protected":false},"excerpt":{"rendered":"<p>Pre v\u0161etk\u00fdch z\u00e1ujemcov o\u00a0lukostre\u013ebu poskytujeme aj mo\u017enos\u0165 n\u00e1kupu lukostreleck\u00e9ho n\u00e1radia priamo u\u00a0n\u00e1s, pod\u013ea va\u0161ich individu\u00e1lnych po\u017eiadaviek. Na\u0161im cie\u013eom je zabezpe\u010denie objedn\u00e1vky v\u00a0\u010do najni\u017e\u0161ej cene a\u00a0\u010do najkrat\u0161om mo\u017enom \u010dase k\u00a0spokojnosti v\u0161etk\u00fdch z\u00e1kazn\u00edkov. Prioritne sa venujeme predaju &hellip;<\/p>\n","protected":false},"author":1,"featured_media":0,"parent":0,"menu_order":0,"comment_status":"closed","ping_status":"closed","template":"","meta":[],"_links":{"self":[{"href":"https:\/\/www.lukostrelecka-akademia.sk\/index.php\/wp-json\/wp\/v2\/pages\/42"}],"collection":[{"href":"https:\/\/www.lukostrelecka-akademia.sk\/index.php\/wp-json\/wp\/v2\/pages"}],"about":[{"href":"https:\/\/www.lukostrelecka-akademia.sk\/index.php\/wp-json\/wp\/v2\/types\/page"}],"author":[{"embeddable":true,"href":"https:\/\/www.lukostrelecka-akademia.sk\/index.php\/wp-json\/wp\/v2\/users\/1"}],"replies":[{"embeddable":true,"href":"https:\/\/www.lukostrelecka-akademia.sk\/index.php\/wp-json\/wp\/v2\/comments?post=42"}],"version-history":[{"count":1,"href":"https:\/\/www.lukostrelecka-akademia.sk\/index.php\/wp-json\/wp\/v2\/pages\/42\/revisions"}],"predecessor-version":[{"id":43,"href":"https:\/\/www.lukostrelecka-akademia.sk\/index.php\/wp-json\/wp\/v2\/pages\/42\/revisions\/43"}],"wp:attachment":[{"href":"https:\/\/www.lukostrelecka-akademia.sk\/index.php\/wp-json\/wp\/v2\/media?parent=42"}],"curies":[{"name":"wp","href":"https:\/\/api.w.org\/{rel}","templated":true}]}}