{"id":38,"date":"2021-08-22T19:26:59","date_gmt":"2021-08-22T19:26:59","guid":{"rendered":"http:\/\/www.lukostrelecka-akademia.sk\/?page_id=38"},"modified":"2024-12-17T07:31:10","modified_gmt":"2024-12-17T07:31:10","slug":"partneri","status":"publish","type":"page","link":"https:\/\/www.lukostrelecka-akademia.sk\/index.php\/partneri\/","title":{"rendered":"Partneri"},"content":{"rendered":"\n<p>S&nbsp;podporou na\u0161ich partnerov pracujeme na roz\u0161irovan\u00ed povedomia o&nbsp;vz\u00e1jomnej spolupr\u00e1ci pri v\u00fdchove ml\u00e1de\u017ee, tr\u00e9ningu reprezentantov, organizovan\u00ed s\u00fa\u0165a\u017e\u00ed a&nbsp;r\u00f4znych podujat\u00ed , vzdel\u00e1vania, rozvoja lukostre\u013eby v regi\u00f3ne a&nbsp;\u0161\u00edren\u00ed dobr\u00e9ho akad\u00e9mie a&nbsp;na\u0161ich partnerov. &nbsp;\u00dazka vz\u00e1jomn\u00e1 spolupr\u00e1ca n\u00e1m pom\u00e1ha v&nbsp;nap\u013a\u0148an\u00ed na\u0161ich spolo\u010dn\u00fdch cie\u013eov. Pridajte sa k&nbsp;n\u00e1m a&nbsp;spolo\u010dne vytvorme lep\u0161iu bud\u00facnos\u0165 pre v\u0161etk\u00fdch.<\/p>\n\n\n\n<div class=\"wp-block-image\"><figure class=\"aligncenter size-large is-resized\"><a href=\"https:\/\/web.vucke.sk\/sk\/\"><img loading=\"lazy\" src=\"http:\/\/www.lukostrelecka-akademia.sk\/wp-content\/uploads\/2022\/12\/KSK_logo_hor_ver.png\" alt=\"\" class=\"wp-image-350\" width=\"493\" height=\"126\" srcset=\"https:\/\/www.lukostrelecka-akademia.sk\/wp-content\/uploads\/2022\/12\/KSK_logo_hor_ver.png 454w, https:\/\/www.lukostrelecka-akademia.sk\/wp-content\/uploads\/2022\/12\/KSK_logo_hor_ver-300x77.png 300w, https:\/\/www.lukostrelecka-akademia.sk\/wp-content\/uploads\/2022\/12\/KSK_logo_hor_ver-389x99.png 389w\" sizes=\"(max-width: 493px) 100vw, 493px\" \/><\/a><\/figure><\/div>\n\n\n\n<div class=\"wp-block-image\"><figure class=\"aligncenter size-large\"><img loading=\"lazy\" width=\"521\" height=\"300\" src=\"https:\/\/www.lukostrelecka-akademia.sk\/wp-content\/uploads\/2024\/12\/kosice.png\" alt=\"\" class=\"wp-image-559\" srcset=\"https:\/\/www.lukostrelecka-akademia.sk\/wp-content\/uploads\/2024\/12\/kosice.png 521w, https:\/\/www.lukostrelecka-akademia.sk\/wp-content\/uploads\/2024\/12\/kosice-300x173.png 300w, https:\/\/www.lukostrelecka-akademia.sk\/wp-content\/uploads\/2024\/12\/kosice-389x224.png 389w\" sizes=\"(max-width: 521px) 100vw, 521px\" \/><\/figure><\/div>\n\n\n\n<div class=\"wp-block-image\"><figure class=\"aligncenter size-large is-resized\"><a href=\"https:\/\/nadaciaeph.sk\/\"><img loading=\"lazy\" src=\"https:\/\/www.lukostrelecka-akademia.sk\/wp-content\/uploads\/2024\/05\/nadacia-EPH.png\" alt=\"\" class=\"wp-image-507\" width=\"524\" height=\"111\" srcset=\"https:\/\/www.lukostrelecka-akademia.sk\/wp-content\/uploads\/2024\/05\/nadacia-EPH.png 803w, https:\/\/www.lukostrelecka-akademia.sk\/wp-content\/uploads\/2024\/05\/nadacia-EPH-300x64.png 300w, https:\/\/www.lukostrelecka-akademia.sk\/wp-content\/uploads\/2024\/05\/nadacia-EPH-768x163.png 768w, https:\/\/www.lukostrelecka-akademia.sk\/wp-content\/uploads\/2024\/05\/nadacia-EPH-389x82.png 389w, https:\/\/www.lukostrelecka-akademia.sk\/wp-content\/uploads\/2024\/05\/nadacia-EPH-800x170.png 800w\" sizes=\"(max-width: 524px) 100vw, 524px\" \/><\/a><\/figure><\/div>\n\n\n\n<div class=\"wp-block-image\"><figure class=\"aligncenter size-large is-resized\"><a href=\"https:\/\/www.365nadacia.sk\/\"><img loading=\"lazy\" src=\"https:\/\/www.lukostrelecka-akademia.sk\/wp-content\/uploads\/2024\/05\/365-nadacia_Logo_CMYK-1024x447.png\" alt=\"\" class=\"wp-image-508\" width=\"494\" height=\"216\" srcset=\"https:\/\/www.lukostrelecka-akademia.sk\/wp-content\/uploads\/2024\/05\/365-nadacia_Logo_CMYK-1024x447.png 1024w, https:\/\/www.lukostrelecka-akademia.sk\/wp-content\/uploads\/2024\/05\/365-nadacia_Logo_CMYK-300x131.png 300w, https:\/\/www.lukostrelecka-akademia.sk\/wp-content\/uploads\/2024\/05\/365-nadacia_Logo_CMYK-768x336.png 768w, https:\/\/www.lukostrelecka-akademia.sk\/wp-content\/uploads\/2024\/05\/365-nadacia_Logo_CMYK-1536x671.png 1536w, https:\/\/www.lukostrelecka-akademia.sk\/wp-content\/uploads\/2024\/05\/365-nadacia_Logo_CMYK-2048x895.png 2048w, https:\/\/www.lukostrelecka-akademia.sk\/wp-content\/uploads\/2024\/05\/365-nadacia_Logo_CMYK-389x170.png 389w\" sizes=\"(max-width: 494px) 100vw, 494px\" \/><\/a><\/figure><\/div>\n\n\n\n<div class=\"wp-block-image\"><figure class=\"aligncenter size-large is-resized\"><a href=\"https:\/\/www.nadaciaspp.sk\/\"><img loading=\"lazy\" src=\"https:\/\/www.lukostrelecka-akademia.sk\/wp-content\/uploads\/2023\/07\/stiahnut.png\" alt=\"\" class=\"wp-image-382\" width=\"525\" height=\"108\" srcset=\"https:\/\/www.lukostrelecka-akademia.sk\/wp-content\/uploads\/2023\/07\/stiahnut.png 414w, https:\/\/www.lukostrelecka-akademia.sk\/wp-content\/uploads\/2023\/07\/stiahnut-300x62.png 300w, https:\/\/www.lukostrelecka-akademia.sk\/wp-content\/uploads\/2023\/07\/stiahnut-389x80.png 389w\" sizes=\"(max-width: 525px) 100vw, 525px\" \/><\/a><\/figure><\/div>\n\n\n\n<div class=\"wp-block-image\"><figure class=\"aligncenter size-large is-resized\"><a href=\"https:\/\/www.wiawis.com\/us\/archeryMain\"><img loading=\"lazy\" src=\"https:\/\/www.lukostrelecka-akademia.sk\/wp-content\/uploads\/2024\/01\/wiawis-logo-1024x192.png\" alt=\"\" class=\"wp-image-449\" width=\"556\" height=\"104\" srcset=\"https:\/\/www.lukostrelecka-akademia.sk\/wp-content\/uploads\/2024\/01\/wiawis-logo-1024x192.png 1024w, https:\/\/www.lukostrelecka-akademia.sk\/wp-content\/uploads\/2024\/01\/wiawis-logo-300x56.png 300w, https:\/\/www.lukostrelecka-akademia.sk\/wp-content\/uploads\/2024\/01\/wiawis-logo-768x144.png 768w, https:\/\/www.lukostrelecka-akademia.sk\/wp-content\/uploads\/2024\/01\/wiawis-logo-389x73.png 389w, https:\/\/www.lukostrelecka-akademia.sk\/wp-content\/uploads\/2024\/01\/wiawis-logo.png 1280w\" sizes=\"(max-width: 556px) 100vw, 556px\" \/><\/a><\/figure><\/div>\n\n\n\n<div class=\"wp-block-image\"><figure class=\"aligncenter size-large is-resized\"><a href=\"http:\/\/www.wernerbeiter.com\/en\/\" target=\"_blank\" rel=\"noopener noreferrer\"><img loading=\"lazy\" src=\"http:\/\/www.lukostrelecka-akademia.sk\/wp-content\/uploads\/2021\/08\/beiter.png\" alt=\"\" class=\"wp-image-8\" width=\"494\" height=\"153\" srcset=\"https:\/\/www.lukostrelecka-akademia.sk\/wp-content\/uploads\/2021\/08\/beiter.png 837w, https:\/\/www.lukostrelecka-akademia.sk\/wp-content\/uploads\/2021\/08\/beiter-300x93.png 300w, https:\/\/www.lukostrelecka-akademia.sk\/wp-content\/uploads\/2021\/08\/beiter-768x238.png 768w, https:\/\/www.lukostrelecka-akademia.sk\/wp-content\/uploads\/2021\/08\/beiter-421x130.png 421w\" sizes=\"(max-width: 494px) 100vw, 494px\" \/><\/a><\/figure><\/div>\n\n\n\n<div class=\"wp-block-image\"><figure class=\"aligncenter size-large is-resized\"><a href=\"http:\/\/www.slz.sk\/\" target=\"_blank\" rel=\"noopener noreferrer\"><img loading=\"lazy\" src=\"https:\/\/www.lukostrelecka-akademia.sk\/wp-content\/uploads\/2021\/08\/slz.png\" alt=\"\" class=\"wp-image-244\" width=\"519\" height=\"135\" srcset=\"https:\/\/www.lukostrelecka-akademia.sk\/wp-content\/uploads\/2021\/08\/slz.png 512w, https:\/\/www.lukostrelecka-akademia.sk\/wp-content\/uploads\/2021\/08\/slz-300x78.png 300w, https:\/\/www.lukostrelecka-akademia.sk\/wp-content\/uploads\/2021\/08\/slz-389x101.png 389w\" sizes=\"(max-width: 519px) 100vw, 519px\" \/><\/a><\/figure><\/div>\n\n\n\n<div class=\"wp-block-image\"><figure class=\"aligncenter size-large is-resized\"><img loading=\"lazy\" src=\"http:\/\/www.lukostrelecka-akademia.sk\/wp-content\/uploads\/2021\/08\/Bez-nazvu-1024x333.png\" alt=\"\" class=\"wp-image-215\" width=\"541\" height=\"177\" srcset=\"https:\/\/www.lukostrelecka-akademia.sk\/wp-content\/uploads\/2021\/08\/Bez-nazvu-1024x333.png 1024w, https:\/\/www.lukostrelecka-akademia.sk\/wp-content\/uploads\/2021\/08\/Bez-nazvu-300x97.png 300w, https:\/\/www.lukostrelecka-akademia.sk\/wp-content\/uploads\/2021\/08\/Bez-nazvu-768x250.png 768w, https:\/\/www.lukostrelecka-akademia.sk\/wp-content\/uploads\/2021\/08\/Bez-nazvu-389x126.png 389w, https:\/\/www.lukostrelecka-akademia.sk\/wp-content\/uploads\/2021\/08\/Bez-nazvu.png 1031w\" sizes=\"(max-width: 541px) 100vw, 541px\" \/><\/figure><\/div>\n\n\n\n<div class=\"wp-block-image\"><figure class=\"aligncenter size-large is-resized\"><a href=\"https:\/\/mojkouc.com\/\" target=\"_blank\" rel=\"noopener noreferrer\"><img loading=\"lazy\" src=\"http:\/\/www.lukostrelecka-akademia.sk\/wp-content\/uploads\/2021\/08\/mk-logo-2.png\" alt=\"\" class=\"wp-image-17\" width=\"533\" height=\"133\" srcset=\"https:\/\/www.lukostrelecka-akademia.sk\/wp-content\/uploads\/2021\/08\/mk-logo-2.png 320w, https:\/\/www.lukostrelecka-akademia.sk\/wp-content\/uploads\/2021\/08\/mk-logo-2-300x75.png 300w\" sizes=\"(max-width: 533px) 100vw, 533px\" \/><\/a><\/figure><\/div>\n\n\n\n<div class=\"wp-block-image\"><figure class=\"aligncenter size-large is-resized\"><a href=\"https:\/\/www.scerbosport.sk\/\" target=\"_blank\" rel=\"noopener noreferrer\"><img loading=\"lazy\" src=\"https:\/\/www.lukostrelecka-akademia.sk\/wp-content\/uploads\/2021\/08\/scerbosport-1024x278.png\" alt=\"\" class=\"wp-image-210\" width=\"500\" height=\"136\" srcset=\"https:\/\/www.lukostrelecka-akademia.sk\/wp-content\/uploads\/2021\/08\/scerbosport-1024x278.png 1024w, https:\/\/www.lukostrelecka-akademia.sk\/wp-content\/uploads\/2021\/08\/scerbosport-300x81.png 300w, https:\/\/www.lukostrelecka-akademia.sk\/wp-content\/uploads\/2021\/08\/scerbosport-768x208.png 768w, https:\/\/www.lukostrelecka-akademia.sk\/wp-content\/uploads\/2021\/08\/scerbosport-389x106.png 389w, https:\/\/www.lukostrelecka-akademia.sk\/wp-content\/uploads\/2021\/08\/scerbosport.png 1080w\" sizes=\"(max-width: 500px) 100vw, 500px\" \/><\/a><\/figure><\/div>\n\n\n\n<div class=\"wp-block-image\"><figure class=\"aligncenter size-large is-resized\"><img loading=\"lazy\" src=\"https:\/\/www.lukostrelecka-akademia.sk\/wp-content\/uploads\/2022\/08\/ssa-1-1024x1024.png\" alt=\"\" class=\"wp-image-338\" width=\"438\" height=\"438\" srcset=\"https:\/\/www.lukostrelecka-akademia.sk\/wp-content\/uploads\/2022\/08\/ssa-1-1024x1024.png 1024w, https:\/\/www.lukostrelecka-akademia.sk\/wp-content\/uploads\/2022\/08\/ssa-1-300x300.png 300w, https:\/\/www.lukostrelecka-akademia.sk\/wp-content\/uploads\/2022\/08\/ssa-1-150x150.png 150w, https:\/\/www.lukostrelecka-akademia.sk\/wp-content\/uploads\/2022\/08\/ssa-1-768x768.png 768w, https:\/\/www.lukostrelecka-akademia.sk\/wp-content\/uploads\/2022\/08\/ssa-1-1536x1536.png 1536w, https:\/\/www.lukostrelecka-akademia.sk\/wp-content\/uploads\/2022\/08\/ssa-1.png 2047w\" sizes=\"(max-width: 438px) 100vw, 438px\" \/><\/figure><\/div>\n\n\n\n<div class=\"wp-block-image\"><figure class=\"aligncenter size-large is-resized\"><img loading=\"lazy\" src=\"https:\/\/www.lukostrelecka-akademia.sk\/wp-content\/uploads\/2023\/07\/TJ-Slavia-UVLF-Kosice.jpg\" alt=\"\" class=\"wp-image-385\" width=\"517\" height=\"446\"\/><\/figure><\/div>\n\n\n\n<p><\/p>\n","protected":false},"excerpt":{"rendered":"<p>S&nbsp;podporou na\u0161ich partnerov pracujeme na roz\u0161irovan\u00ed povedomia o&nbsp;vz\u00e1jomnej spolupr\u00e1ci pri v\u00fdchove ml\u00e1de\u017ee, tr\u00e9ningu reprezentantov, organizovan\u00ed s\u00fa\u0165a\u017e\u00ed a&nbsp;r\u00f4znych podujat\u00ed , vzdel\u00e1vania, rozvoja lukostre\u013eby v regi\u00f3ne a&nbsp;\u0161\u00edren\u00ed dobr\u00e9ho akad\u00e9mie a&nbsp;na\u0161ich partnerov. &nbsp;\u00dazka vz\u00e1jomn\u00e1 spolupr\u00e1ca n\u00e1m pom\u00e1ha v&nbsp;nap\u013a\u0148an\u00ed &hellip;<\/p>\n","protected":false},"author":1,"featured_media":0,"parent":0,"menu_order":0,"comment_status":"closed","ping_status":"closed","template":"","meta":[],"_links":{"self":[{"href":"https:\/\/www.lukostrelecka-akademia.sk\/index.php\/wp-json\/wp\/v2\/pages\/38"}],"collection":[{"href":"https:\/\/www.lukostrelecka-akademia.sk\/index.php\/wp-json\/wp\/v2\/pages"}],"about":[{"href":"https:\/\/www.lukostrelecka-akademia.sk\/index.php\/wp-json\/wp\/v2\/types\/page"}],"author":[{"embeddable":true,"href":"https:\/\/www.lukostrelecka-akademia.sk\/index.php\/wp-json\/wp\/v2\/users\/1"}],"replies":[{"embeddable":true,"href":"https:\/\/www.lukostrelecka-akademia.sk\/index.php\/wp-json\/wp\/v2\/comments?post=38"}],"version-history":[{"count":18,"href":"https:\/\/www.lukostrelecka-akademia.sk\/index.php\/wp-json\/wp\/v2\/pages\/38\/revisions"}],"predecessor-version":[{"id":560,"href":"https:\/\/www.lukostrelecka-akademia.sk\/index.php\/wp-json\/wp\/v2\/pages\/38\/revisions\/560"}],"wp:attachment":[{"href":"https:\/\/www.lukostrelecka-akademia.sk\/index.php\/wp-json\/wp\/v2\/media?parent=38"}],"curies":[{"name":"wp","href":"https:\/\/api.w.org\/{rel}","templated":true}]}}