{"id":30,"date":"2021-08-22T19:03:33","date_gmt":"2021-08-22T19:03:33","guid":{"rendered":"http:\/\/www.lukostrelecka-akademia.sk\/?page_id=30"},"modified":"2021-08-22T19:03:34","modified_gmt":"2021-08-22T19:03:34","slug":"ladenie-lukov","status":"publish","type":"page","link":"https:\/\/www.lukostrelecka-akademia.sk\/index.php\/ladenie-lukov\/","title":{"rendered":"Ladenie lukov"},"content":{"rendered":"\n<p>M\u00e1te probl\u00e9my s\u00a0presnos\u0165ou stre\u013eby? Nedar\u00ed sa V\u00e1m zladi\u0165 svoj luk? Vyd\u00e1va v\u00e1\u0161 luk nepr\u00edjemn\u00e9 zvuky ale vibr\u00e1cie? Potrebujete poradi\u0165? Ak m\u00e1te z\u00e1ujem, na\u0161i tr\u00e9neri V\u00e1m ve\u013emi radi pom\u00f4\u017eu a\u00a0poradia pri laden\u00ed lukov a\u00a0v\u00fdbere vhodn\u00e9ho n\u00e1radia k\u00a0Va\u0161ej spokojnosti a\u00a0zlep\u0161eniu v\u00fdsledkov.<\/p>\n","protected":false},"excerpt":{"rendered":"<p>M\u00e1te probl\u00e9my s\u00a0presnos\u0165ou stre\u013eby? Nedar\u00ed sa V\u00e1m zladi\u0165 svoj luk? Vyd\u00e1va v\u00e1\u0161 luk nepr\u00edjemn\u00e9 zvuky ale vibr\u00e1cie? Potrebujete poradi\u0165? Ak m\u00e1te z\u00e1ujem, na\u0161i tr\u00e9neri V\u00e1m ve\u013emi radi pom\u00f4\u017eu a\u00a0poradia pri laden\u00ed lukov a\u00a0v\u00fdbere vhodn\u00e9ho n\u00e1radia &hellip;<\/p>\n","protected":false},"author":1,"featured_media":0,"parent":0,"menu_order":0,"comment_status":"closed","ping_status":"closed","template":"","meta":[],"_links":{"self":[{"href":"https:\/\/www.lukostrelecka-akademia.sk\/index.php\/wp-json\/wp\/v2\/pages\/30"}],"collection":[{"href":"https:\/\/www.lukostrelecka-akademia.sk\/index.php\/wp-json\/wp\/v2\/pages"}],"about":[{"href":"https:\/\/www.lukostrelecka-akademia.sk\/index.php\/wp-json\/wp\/v2\/types\/page"}],"author":[{"embeddable":true,"href":"https:\/\/www.lukostrelecka-akademia.sk\/index.php\/wp-json\/wp\/v2\/users\/1"}],"replies":[{"embeddable":true,"href":"https:\/\/www.lukostrelecka-akademia.sk\/index.php\/wp-json\/wp\/v2\/comments?post=30"}],"version-history":[{"count":1,"href":"https:\/\/www.lukostrelecka-akademia.sk\/index.php\/wp-json\/wp\/v2\/pages\/30\/revisions"}],"predecessor-version":[{"id":31,"href":"https:\/\/www.lukostrelecka-akademia.sk\/index.php\/wp-json\/wp\/v2\/pages\/30\/revisions\/31"}],"wp:attachment":[{"href":"https:\/\/www.lukostrelecka-akademia.sk\/index.php\/wp-json\/wp\/v2\/media?parent=30"}],"curies":[{"name":"wp","href":"https:\/\/api.w.org\/{rel}","templated":true}]}}