{"id":26,"date":"2021-08-22T19:01:46","date_gmt":"2021-08-22T19:01:46","guid":{"rendered":"http:\/\/www.lukostrelecka-akademia.sk\/?page_id=26"},"modified":"2021-08-29T18:13:59","modified_gmt":"2021-08-29T18:13:59","slug":"dobrovolnictvo-2","status":"publish","type":"page","link":"https:\/\/www.lukostrelecka-akademia.sk\/index.php\/dobrovolnictvo-2\/","title":{"rendered":"Dobrovo\u013en\u00edctvo"},"content":{"rendered":"\n<p>Pridajte sa k\u00a0n\u00e1m a\u00a0sta\u0148te sa dobrovo\u013en\u00edkmi lukostreleckej akad\u00e9mie. Pom\u00f4\u017ete n\u00e1m v\u00a0organizovan\u00ed s\u00fa\u0165a\u017e\u00ed, s\u00fastreden\u00ed, n\u00e1borov\u00fdch dn\u00ed a\u00a0r\u00f4znych \u010fal\u0161\u00edch podujat\u00ed, pri ktor\u00fdch sa spoliehame aj na Va\u0161u pomoc. Iba v\u010faka V\u00e1m, na\u0161im dobrovo\u013en\u00edkom, sme schopn\u00ed usporiada\u0165 podujatia na najvy\u0161\u0161ej \u00farovni. <\/p>\n","protected":false},"excerpt":{"rendered":"<p>Pridajte sa k\u00a0n\u00e1m a\u00a0sta\u0148te sa dobrovo\u013en\u00edkmi lukostreleckej akad\u00e9mie. Pom\u00f4\u017ete n\u00e1m v\u00a0organizovan\u00ed s\u00fa\u0165a\u017e\u00ed, s\u00fastreden\u00ed, n\u00e1borov\u00fdch dn\u00ed a\u00a0r\u00f4znych \u010fal\u0161\u00edch podujat\u00ed, pri ktor\u00fdch sa spoliehame aj na Va\u0161u pomoc. Iba v\u010faka V\u00e1m, na\u0161im dobrovo\u013en\u00edkom, sme schopn\u00ed usporiada\u0165 podujatia &hellip;<\/p>\n","protected":false},"author":1,"featured_media":0,"parent":0,"menu_order":0,"comment_status":"closed","ping_status":"closed","template":"","meta":[],"_links":{"self":[{"href":"https:\/\/www.lukostrelecka-akademia.sk\/index.php\/wp-json\/wp\/v2\/pages\/26"}],"collection":[{"href":"https:\/\/www.lukostrelecka-akademia.sk\/index.php\/wp-json\/wp\/v2\/pages"}],"about":[{"href":"https:\/\/www.lukostrelecka-akademia.sk\/index.php\/wp-json\/wp\/v2\/types\/page"}],"author":[{"embeddable":true,"href":"https:\/\/www.lukostrelecka-akademia.sk\/index.php\/wp-json\/wp\/v2\/users\/1"}],"replies":[{"embeddable":true,"href":"https:\/\/www.lukostrelecka-akademia.sk\/index.php\/wp-json\/wp\/v2\/comments?post=26"}],"version-history":[{"count":2,"href":"https:\/\/www.lukostrelecka-akademia.sk\/index.php\/wp-json\/wp\/v2\/pages\/26\/revisions"}],"predecessor-version":[{"id":239,"href":"https:\/\/www.lukostrelecka-akademia.sk\/index.php\/wp-json\/wp\/v2\/pages\/26\/revisions\/239"}],"wp:attachment":[{"href":"https:\/\/www.lukostrelecka-akademia.sk\/index.php\/wp-json\/wp\/v2\/media?parent=26"}],"curies":[{"name":"wp","href":"https:\/\/api.w.org\/{rel}","templated":true}]}}