{"id":20,"date":"2021-08-22T18:59:15","date_gmt":"2021-08-22T18:59:15","guid":{"rendered":"http:\/\/www.lukostrelecka-akademia.sk\/?page_id=20"},"modified":"2026-01-26T08:50:26","modified_gmt":"2026-01-26T08:50:26","slug":"2-z-dane","status":"publish","type":"page","link":"https:\/\/www.lukostrelecka-akademia.sk\/index.php\/2-z-dane\/","title":{"rendered":"2% z dane"},"content":{"rendered":"\n<p>Aj v&nbsp;tomto roku V\u00e1s chceme po\u017eiada\u0165 o&nbsp;podporu na\u0161ej lukostreleckej akad\u00e9mie formou 2% z&nbsp;dan\u00ed. V\u010faka Va\u0161ej podpore dok\u00e1\u017eeme zabezpe\u010di\u0165 chod akad\u00e9mie a&nbsp;neust\u00e1le zlep\u0161ova\u0165 tr\u00e9ningov\u00e9 podmienky pre na\u0161ich strelcov. 2% z&nbsp;dan\u00ed tvoria v\u00fdznamn\u00fa \u010das\u0165 prostriedkov potrebn\u00fdch pre dobudovanie na\u0161ej celoro\u010dne prev\u00e1dzkovate\u013enej strelnice, n\u00e1kup ter\u010dov, tr\u00e9ningov\u00fdch pom\u00f4cok, lukostreleck\u00e9ho materi\u00e1lu a&nbsp;zabezpe\u010denie n\u00e1kupu materi\u00e1lu pre organizovanie s\u00fa\u0165a\u017e\u00ed. Aj v\u010faka Va\u0161ej pomoci sa z&nbsp;na\u0161ich strelcov st\u00e1vaj\u00fa \u0161pi\u010dkov\u00fd \u0161portovci, ktor\u00ed n\u00e1s hrdo reprezentuj\u00fa na Slovensk\u00fdch aj medzin\u00e1rodn\u00fdch podujatiach.<\/p>\n\n\n\n<div class=\"wp-block-group\"><div class=\"wp-block-group__inner-container\">\n<div class=\"wp-block-group\"><div class=\"wp-block-group__inner-container\">\n<div class=\"wp-block-group\"><div class=\"wp-block-group__inner-container\">\n<div class=\"wp-block-group alignfull\"><div class=\"wp-block-group__inner-container\">\n<div class=\"wp-block-group\"><div class=\"wp-block-group__inner-container\">\n<div class=\"wp-block-group\"><div class=\"wp-block-group__inner-container\">\n<p class=\"has-accent-1-background-color has-text-color has-background has-large-font-size\" style=\"color:#050908\"><strong><span class=\"has-inline-color has-headings-color\">NA\u0160E \u00daDAJE PRE POTREBY PODANIA 2% Z DANE<\/span><\/strong><\/p>\n\n\n\n<p class=\"has-accent-1-background-color has-text-color has-background has-large-font-size\" style=\"color:#050908\">Obchodn\u00e9 meno\/n\u00e1zov:  X10 ACADEMY &#8211; 1.LUKOSTRELECK\u00c1 AKAD\u00c9MIA<\/p>\n\n\n\n<p class=\"has-accent-1-background-color has-text-color has-background has-large-font-size\" style=\"color:#050908\">Pr\u00e1vna forma: OB\u010cIANSKE ZDRU\u017dENIE<\/p>\n\n\n\n<p class=\"has-accent-1-background-color has-text-color has-background has-large-font-size\" style=\"color:#050908\">I\u010cO:   42320437<\/p>\n\n\n\n<p class=\"has-accent-1-background-color has-text-color has-background has-large-font-size\" style=\"color:#050908\">S\u00eddlo\/adresa: POVA\u017dSK\u00c1 30, 04011 KO\u0160ICE-Z\u00c1PAD<\/p>\n<\/div><\/div>\n<\/div><\/div>\n<\/div><\/div>\n<\/div><\/div>\n<\/div><\/div>\n\n\n\n<p><\/p>\n<\/div><\/div>\n\n\n\n<p class=\"has-large-font-size\">Postup krokov pre zamestnancov:<\/p>\n\n\n\n<p>Postup krokov na pouk\u00e1zanie 2% (3%) pre zamestnancov, ktor\u00ed po\u017eiadali svojho zamestn\u00e1vate\u013ea o vykonanie ro\u010dn\u00e9ho z\u00fa\u010dtovania dane za rok 2025.<\/p>\n\n\n\n<ol><li>Do&nbsp;<strong>15.02.<\/strong>&nbsp;po\u017eiadajte zamestn\u00e1vate\u013ea o vykonanie ro\u010dn\u00e9ho z\u00fa\u010dtovania dane (\u010falej len RZD) za rok 2025. V \u017eiadosti o RZD za\u0161krtnite pol\u00ed\u010dko v oddieli VII. &#8211; \u017eiadate o vystavenie potvrdenia o zaplaten\u00ed dane.&nbsp;<\/li><li>Ke\u010f v\u00e1m zamestn\u00e1vate\u013e urob\u00ed ro\u010dn\u00e9 z\u00fa\u010dtovanie dane a vystav\u00ed&nbsp;<a href=\"http:\/\/www.lukostrelecka-akademia.sk\/wp-content\/uploads\/2026\/01\/Potvrdenie-o-zaplateni-dane-z-prijmov-zo-zavislej-cinnosti.pdf\" target=\"_blank\" rel=\"noreferrer noopener\">Potvrdenie o zaplaten\u00ed dane z pr\u00edjmov<\/a>,&nbsp;vypl\u0148te predvyplnen\u00fd a editovate\u013en\u00fd formul\u00e1r&nbsp;<a href=\"http:\/\/www.lukostrelecka-akademia.sk\/wp-content\/uploads\/2026\/01\/Vyhlasenie_2percenta_2025.pdf\" target=\"_blank\" rel=\"noreferrer noopener\">Vyhl\u00e1senie o pouk\u00e1zan\u00ed podielu zaplatenej dane z pr\u00edjmov fyzickej osoby<\/a>.&nbsp;<\/li><li>Z potvrdenia zistite d\u00e1tum zaplatenia dane a n\u00e1sledne si vypo\u010d\u00edtate: 2% z va\u0161ej zaplatenej dane &#8211; to je suma, ktor\u00fa m\u00f4\u017eete v prospech na\u0161ej organiz\u00e1cie pouk\u00e1za\u0165, ak ste v minulom roku&nbsp;<strong>neboli<\/strong>&nbsp;dobrovo\u013en\u00edkom, alebo ste dobrovo\u013en\u00edcky odpracovali menej ako 40 hod\u00edn. T\u00e1to suma v\u0161ak mus\u00ed by\u0165 minim\u00e1lne 3\u20ac.<br>Ak ste na\u0161im dobrovo\u013en\u00edkom a chcete od n\u00e1s&nbsp;<strong>Potvrdenie o odpracovan\u00ed min 40 hod. dobrovo\u013en\u00edckej \u010dinnosti<\/strong>, kontaktujte n\u00e1s mailom na <a href=\"mailto:lukostrelecka.akademia@gmail.com\">lukostrelecka.akademia@gmail.com<\/a><br><strong>POZOR<\/strong>&nbsp;\u2013 dobrovo\u013en\u00edcku pr\u00e1cu m\u00f4\u017eete vykon\u00e1va\u0165 aj pre in\u00fa organiz\u00e1ciu, pri\u010dom 3% spolu s&nbsp;potvrden\u00edm o&nbsp;vykonanej dobrovo\u013en\u00edckej pr\u00e1ci, m\u00f4\u017eete pouk\u00e1za\u0165 X10 ACADEMY.<\/li><li>Obe tla\u010div\u00e1, teda Vyhl\u00e1senie na samostatnom liste a Potvrdenie o&nbsp;zaplaten\u00ed dane na samostatnom liste (pr\u00edpadne obe tla\u010div\u00e1 na jednom liste pri obojstrannej tla\u010di), doru\u010dte do 30.04. na da\u0148ov\u00fd \u00farad&nbsp;<a rel=\"noreferrer noopener\" href=\"https:\/\/www.financnasprava.sk\/sk\/elektronicke-sluzby\/verejne-sluzby\/zistenie-miestnej-prislusnost\" target=\"_blank\">pod\u013ea v\u00e1\u0161ho bydliska<\/a>.<\/li><\/ol>\n\n\n\n<ul><li><strong>Budeme V\u00e1m v\u010fa\u010dn\u00ed ak n\u00e1m d\u00e1te o sebe&nbsp;vedie\u0165 t\u00fdm, \u017ee za\u0161krtnete s\u00fahlas so zaslan\u00edm Va\u0161ich \u00fadajov vo Vyhl\u00e1sen\u00ed\/Da\u0148ovom priznan\u00ed v riadku&nbsp;<\/strong><em>s\u00fahlas\u00edm so zaslan\u00edm \u00fadajov (meno, priezvisko a trval\u00fd pobyt) mnou ur\u010den\u00e9mu prij\u00edmate\u013eovi podielu zaplatenej dane.<\/em><\/li><\/ul>\n\n\n\n<p>\u010eakujeme.<\/p>\n\n\n\n<p>Stiahnu\u0165 <a href=\"http:\/\/www.lukostrelecka-akademia.sk\/wp-content\/uploads\/2026\/01\/Potvrdenie-o-zaplateni-dane-z-prijmov-zo-zavislej-cinnosti.pdf\" target=\"_blank\" rel=\"noreferrer noopener\">Potvrdenie o zaplaten\u00ed dane z prijmov<\/a><\/p>\n\n\n\n<p>Siahnu\u0165 <a href=\"http:\/\/www.lukostrelecka-akademia.sk\/wp-content\/uploads\/2026\/01\/Vyhlasenie_2percenta_2025.pdf\" target=\"_blank\" rel=\"noreferrer noopener\">Vyhl\u00e1senie o pouk\u00e1zan\u00ed 2% z dane<\/a><\/p>\n\n\n\n<p class=\"has-large-font-size\">Postup krokov pre fyzick\u00e9 osoby, ktor\u00e9 si sam\u00e9 pod\u00e1vaj\u00fa da\u0148ov\u00e9 priznanie:<\/p>\n\n\n\n<p>Postup krokov pre fyzick\u00e9 osoby, ktor\u00e9 si sam\u00e9 pod\u00e1vaj\u00fa da\u0148ov\u00e9 priznanie.<\/p>\n\n\n\n<ol><li>Vypo\u010d\u00edtajte si Va\u0161e 2% z dane z pr\u00edjmov fyzickej osoby \u2013 to je maxim\u00e1lna suma, ktor\u00fa m\u00f4\u017eete pouk\u00e1za\u0165 v prospech na\u0161ej organiz\u00e1cie. Pouk\u00e1za\u0165 m\u00f4\u017eete aj menej ako 2%, no suma nesmie by\u0165 ni\u017e\u0161ia ako 3\u20ac.<\/li><li>Ak m\u00e1te iba pr\u00edjmy zo z\u00e1vislej \u010dinnosti vypl\u0148te&nbsp;<a href=\"http:\/\/www.lukostrelecka-akademia.sk\/wp-content\/uploads\/2026\/01\/DPFO_A_2025.pdf\" target=\"_blank\" rel=\"noreferrer noopener\">Da\u0148ov\u00e9 priznanie fyzick\u00fdch os\u00f4b TYP A<\/a>&nbsp;,&nbsp;<strong>Elektronick\u00fd formul\u00e1r<\/strong>,&nbsp;<strong><a href=\"http:\/\/www.lukostrelecka-akademia.sk\/wp-content\/uploads\/2026\/01\/Potvrdenie-o-podani-danoveho-priznania-typ-A.pdf\" target=\"_blank\" rel=\"noreferrer noopener\">Potvrdenie o podan\u00ed da\u0148ov\u00e9ho priznania<\/a><\/strong>, alebo ak m\u00e1te pr\u00edjmy pod\u013ea \u00a7 5 a\u017e 8 z\u00e1kona \u010d. 595\/2003 Z. z. o dani z pr\u00edjmov v znen\u00ed neskor\u0161\u00edch predpisov vypl\u0148te&nbsp;<a href=\"http:\/\/www.lukostrelecka-akademia.sk\/wp-content\/uploads\/2026\/01\/DPFO_B_2025.pdf\" target=\"_blank\" rel=\"noreferrer noopener\">Da\u0148ov\u00e9 priznanie fyzick\u00fdch os\u00f4b TYP B<\/a>,&nbsp;<strong>Elektronick\u00fd formul\u00e1r<\/strong>,&nbsp;<strong><a href=\"http:\/\/www.lukostrelecka-akademia.sk\/wp-content\/uploads\/2026\/01\/Potvrdenie-o-podani-danoveho-priznania-typ-B.pdf\" target=\"_blank\" rel=\"noreferrer noopener\">Potvrdenie o podan\u00ed da\u0148ov\u00e9ho priznania<\/a><\/strong>.&nbsp;Vyhl\u00e1senie je u\u017e s\u00fa\u010das\u0165ou da\u0148ov\u00e9ho priznania.<\/li><li>Riadne vyplnen\u00e9 da\u0148ov\u00e9 priznanie je potrebn\u00e9 doru\u010di\u0165 v lehote, ktor\u00fa m\u00e1te na podanie da\u0148ov\u00e9ho priznania (zvy\u010dajne do 31.3.) na v\u00e1\u0161 da\u0148ov\u00fd \u00farad (<strong><a rel=\"noreferrer noopener\" href=\"https:\/\/www.financnasprava.sk\/sk\/elektronicke-sluzby\/verejne-sluzby\/zistenie-miestnej-prislusnost\" target=\"_blank\">pod\u013ea v\u00e1\u0161ho bydliska<\/a><\/strong>) a v tomto term\u00edne je nutn\u00e9 zaplati\u0165 aj da\u0148 z pr\u00edjmov. V pr\u00edpade osobn\u00e9ho podania na da\u0148ovom \u00farade je potrebn\u00e9 predlo\u017ei\u0165 aj Potvrdenie o podan\u00ed da\u0148ov\u00e9ho priznania.&nbsp;Ak patr\u00edte medzi da\u0148ovn\u00edkov, ktor\u00ed maj\u00fa povinnos\u0165 pod\u00e1va\u0165 da\u0148ov\u00e9 priznanie elektronicky, do 31.3. odo\u0161lite da\u0148ov\u00e9 priznanie prostredn\u00edctvom elektronick\u00e9ho syst\u00e9mu.<br>Ak ste na\u0161im dobrovo\u013en\u00edkom a chcete od n\u00e1s&nbsp;<strong>Potvrdenie o odpracovan\u00ed min 40 hod. dobrovo\u013en\u00edckej \u010dinnosti<\/strong>, kontaktujte n\u00e1s mailom na <a href=\"mailto:lukostrelecka.akademia@gmail.com\">lukostrelecka.akademia@gmail.com<\/a><br><strong>POZOR<\/strong>&nbsp;\u2013 dobrovo\u013en\u00edcku pr\u00e1cu m\u00f4\u017eete vykon\u00e1va\u0165 aj pre in\u00fa organiz\u00e1ciu, pri\u010dom 3% spolu s&nbsp;potvrden\u00edm o&nbsp;vykonanej dobrovo\u013en\u00edckej pr\u00e1ci, m\u00f4\u017eete pouk\u00e1za\u0165 X10 ACADEMY.<\/li><\/ol>\n\n\n\n<ul><li><strong>Budeme V\u00e1m v\u010fa\u010dn\u00ed ak n\u00e1m d\u00e1te o sebe&nbsp;vedie\u0165 t\u00fdm, \u017ee za\u0161krtnete s\u00fahlas so zaslan\u00edm Va\u0161ich \u00fadajov vo Vyhl\u00e1sen\u00ed\/Da\u0148ovom priznan\u00ed v riadku&nbsp;<\/strong><em>s\u00fahlas\u00edm so zaslan\u00edm \u00fadajov (meno, priezvisko a trval\u00fd pobyt) mnou ur\u010den\u00e9mu prij\u00edmate\u013eovi podielu zaplatenej dane.<\/em><\/li><\/ul>\n\n\n\n<p><br>\u010eakujeme.<\/p>\n\n\n\n<p>Siahnu\u0165 <a rel=\"noreferrer noopener\" href=\"http:\/\/www.lukostrelecka-akademia.sk\/wp-content\/uploads\/2026\/01\/DPFO_A_2025.pdf\" target=\"_blank\">Da\u0148ov\u00e9 priznanie fyzick\u00fdch os\u00f4b TYP A<\/a><\/p>\n\n\n\n<p>Stiahnu\u0165 <a href=\"http:\/\/www.lukostrelecka-akademia.sk\/wp-content\/uploads\/2026\/01\/Potvrdenie-o-podani-danoveho-priznania-typ-A.pdf\" target=\"_blank\" rel=\"noreferrer noopener\"><strong>Potvrdenie o podan\u00ed da\u0148ov\u00e9ho priznania<\/strong> TYP A<\/a><\/p>\n\n\n\n<p>Stiahnu\u0165 &nbsp;<a rel=\"noreferrer noopener\" href=\"http:\/\/www.lukostrelecka-akademia.sk\/wp-content\/uploads\/2026\/01\/DPFO_B_2025.pdf\" target=\"_blank\">Da\u0148ov\u00e9 priznanie fyzick\u00fdch os\u00f4b TYP B<\/a><\/p>\n\n\n\n<p>Stiahnu\u0165 <a href=\"http:\/\/www.lukostrelecka-akademia.sk\/wp-content\/uploads\/2026\/01\/Potvrdenie-o-podani-danoveho-priznania-typ-B.pdf\" target=\"_blank\" rel=\"noreferrer noopener\"><strong>Potvrdenie o podan\u00ed da\u0148ov\u00e9ho priznania<\/strong> TYP B<\/a><\/p>\n\n\n\n<p class=\"has-large-font-size\">Postup krokov pre pr\u00e1vnick\u00e9 osoby<\/p>\n\n\n\n<ol><li>Vypo\u010d\u00edtajte si 1,0% (2%) z va\u0161ej dane z pr\u00edjmov pr\u00e1vnickej osoby &#8211; to je maxim\u00e1lna suma, ktor\u00fa m\u00f4\u017eete pouk\u00e1za\u0165 v prospech prij\u00edmate\u013ea\/prij\u00edmate\u013eov. Vypo\u010d\u00edtan\u00e9 1% (alebo 2%) z va\u0161ej dane z pr\u00edjmov, m\u00f4\u017ee pr\u00e1vnick\u00e1 osoba rozdeli\u0165 najviac medzi 8 prij\u00edmate\u013eov. Minim\u00e1lna suma, ktor\u00fa PO m\u00f4\u017ee pouk\u00e1za\u0165 jedn\u00e9mu prij\u00edmate\u013eovi je 8,-&nbsp; \u20ac.<br>POZOR: Ak ste v minulom roku a\u017e do term\u00ednu na podanie&nbsp;<strong><a href=\"http:\/\/www.lukostrelecka-akademia.sk\/wp-content\/uploads\/2026\/01\/DPPO_2025.pdf\" target=\"_blank\" rel=\"noreferrer noopener\">da\u0148ov\u00e9ho priznania<\/a><\/strong>&nbsp;a zaplatenie dane (zvy\u010dajne do 31.3.) NEDAROVALI finan\u010dn\u00e9 prostriedky vo v\u00fd\u0161ke minim\u00e1lne 0,5% z dane na verejnoprospe\u0161n\u00fd \u00fa\u010del (na\u0161ej, \u010di inej organiz\u00e1cii), m\u00f4\u017eete pouk\u00e1za\u0165 1,0% z dane \u2013 vyzna\u010d\u00edte v da\u0148ovom priznan\u00ed, \u017ee poukazujete 1,0% z dane. Ak ste v&nbsp;minulom roku a\u017e do term\u00ednu na podanie da\u0148ov\u00e9ho priznania a zaplatenie dane (zvy\u010dajne do 31.3.) DAROVALI finan\u010dn\u00e9 prostriedky vo v\u00fd\u0161ke minim\u00e1lne 0,5% z dane na verejnoprospe\u0161n\u00fd \u00fa\u010del (na\u0161ej, \u010di inej organiz\u00e1cii), m\u00f4\u017eete pouk\u00e1za\u0165 2% z dane \u2013 ozna\u010d\u00edte v da\u0148ovom priznan\u00ed, \u017ee poukazujete 2% z dane.<br><br>Vypo\u010d\u00edtajte si 1 % z va\u0161ej zaplatenej dane. Ak do term\u00ednu podania da\u0148ov\u00e9ho priznania&nbsp;venujete&nbsp;na verejnoprospe\u0161n\u00e9 \u00fa\u010dely&nbsp;sumu vo v\u00fd\u0161ke aspo\u0148 0,5 % dane, m\u00f4\u017eete pom\u00f4c\u0165&nbsp;a\u017e 2 % z dane!<br><\/li><li>Pokia\u013e ste si vybrali viac prij\u00edmate\u013eov 2%, uve\u010fte v&nbsp;da\u0148ovom priznan\u00ed analogicky v\u0161etky potrebn\u00e9 identifika\u010dn\u00e9 \u00fadaje o prij\u00edmate\u013eoch a sumu, ktor\u00fa chcete v ich prospech pouk\u00e1za\u0165. V kol\u00f3nke 4 uve\u010fte, ko\u013ek\u00fdm prij\u00edmate\u013eom chcete podiel zaplatenej dane pouk\u00e1za\u0165.<\/li><li>Ako sme u\u017e spom\u00ednali vy\u0161\u0161ie, fyzick\u00e9 aj pr\u00e1vnick\u00e9 osoby maj\u00fa v&nbsp;<strong>da\u0148ovom priznan\u00ed<\/strong>&nbsp;mo\u017enos\u0165 za\u0161krtn\u00fa\u0165 pol\u00ed\u010dko s\u00fahlasu so zaslan\u00edm \u00fadajov do X10 ACADEMY. Pr\u00e1vnick\u00e9 osoby n\u00e1jdu pol\u00ed\u010dko na za\u0161krtnutie v prvom riadku IV. \u010dasti da\u0148ov\u00e9ho priznania.<\/li><li>Pr\u00e1vnick\u00e9 osoby maj\u00fa od roku 2018 povinnos\u0165 komunikova\u0165 s&nbsp;da\u0148ov\u00fdmi \u00faradom iba&nbsp;<strong>elektronicky<\/strong>. Riadne vyplnen\u00e9 da\u0148ov\u00e9 priznanie je preto potrebn\u00e9 odosla\u0165 prostredn\u00edctvom elektronick\u00e9ho syst\u00e9mu v lehote, ktor\u00fa m\u00e1te na podanie da\u0148ov\u00e9ho priznania a v tomto term\u00edne je nutn\u00e9 aj zaplati\u0165 da\u0148 z pr\u00edjmov.<\/li><\/ol>\n\n\n\n<ul><li><strong>Budeme V\u00e1m v\u010fa\u010dn\u00ed ak n\u00e1m d\u00e1te o sebe&nbsp;vedie\u0165 t\u00fdm, \u017ee za\u0161krtnete s\u00fahlas so zaslan\u00edm Va\u0161ich \u00fadajov vo Vyhl\u00e1sen\u00ed\/Da\u0148ovom priznan\u00ed v riadku&nbsp;<\/strong><em>s\u00fahlas\u00edm so zaslan\u00edm \u00fadajov (meno, priezvisko a trval\u00fd pobyt) mnou ur\u010den\u00e9mu prij\u00edmate\u013eovi podielu zaplatenej dane.<\/em><\/li><\/ul>\n\n\n\n<p>\u010eakujeme.<\/p>\n\n\n\n<p>Stiahnu\u0165 <a href=\"http:\/\/www.lukostrelecka-akademia.sk\/wp-content\/uploads\/2026\/01\/DPPO_2025.pdf\" target=\"_blank\" rel=\"noreferrer noopener\">Tla\u010divo pre da\u0148ov\u00e9 priznanie pr\u00e1vnick\u00e9 osoby<\/a><\/p>\n","protected":false},"excerpt":{"rendered":"<p>Aj v&nbsp;tomto roku V\u00e1s chceme po\u017eiada\u0165 o&nbsp;podporu na\u0161ej lukostreleckej akad\u00e9mie formou 2% z&nbsp;dan\u00ed. V\u010faka Va\u0161ej podpore dok\u00e1\u017eeme zabezpe\u010di\u0165 chod akad\u00e9mie a&nbsp;neust\u00e1le zlep\u0161ova\u0165 tr\u00e9ningov\u00e9 podmienky pre na\u0161ich strelcov. 2% z&nbsp;dan\u00ed tvoria v\u00fdznamn\u00fa \u010das\u0165 prostriedkov potrebn\u00fdch pre &hellip;<\/p>\n","protected":false},"author":1,"featured_media":0,"parent":0,"menu_order":0,"comment_status":"closed","ping_status":"closed","template":"","meta":[],"_links":{"self":[{"href":"https:\/\/www.lukostrelecka-akademia.sk\/index.php\/wp-json\/wp\/v2\/pages\/20"}],"collection":[{"href":"https:\/\/www.lukostrelecka-akademia.sk\/index.php\/wp-json\/wp\/v2\/pages"}],"about":[{"href":"https:\/\/www.lukostrelecka-akademia.sk\/index.php\/wp-json\/wp\/v2\/types\/page"}],"author":[{"embeddable":true,"href":"https:\/\/www.lukostrelecka-akademia.sk\/index.php\/wp-json\/wp\/v2\/users\/1"}],"replies":[{"embeddable":true,"href":"https:\/\/www.lukostrelecka-akademia.sk\/index.php\/wp-json\/wp\/v2\/comments?post=20"}],"version-history":[{"count":18,"href":"https:\/\/www.lukostrelecka-akademia.sk\/index.php\/wp-json\/wp\/v2\/pages\/20\/revisions"}],"predecessor-version":[{"id":660,"href":"https:\/\/www.lukostrelecka-akademia.sk\/index.php\/wp-json\/wp\/v2\/pages\/20\/revisions\/660"}],"wp:attachment":[{"href":"https:\/\/www.lukostrelecka-akademia.sk\/index.php\/wp-json\/wp\/v2\/media?parent=20"}],"curies":[{"name":"wp","href":"https:\/\/api.w.org\/{rel}","templated":true}]}}