{"id":172,"date":"2021-08-23T20:23:41","date_gmt":"2021-08-23T20:23:41","guid":{"rendered":"http:\/\/www.lukostrelecka-akademia.sk\/?page_id=172"},"modified":"2025-09-10T06:47:34","modified_gmt":"2025-09-10T06:47:34","slug":"nabor-clenov-2","status":"publish","type":"page","link":"https:\/\/www.lukostrelecka-akademia.sk\/index.php\/nabor-clenov-2\/","title":{"rendered":"N\u00e1bor \u010dlenov"},"content":{"rendered":"\n<p class=\"has-text-align-center has-text-color\" id=\"block-cc2d57f6-e7f1-4466-a651-74b7c8c24fa6\" style=\"font-size:36px;color:#fe0000\"><strong>DIEV\u010cAT\u00c1 A CHLAPCI RO\u010cN\u00cdKOV 2013, 2014 a 2015<\/strong><\/p>\n\n\n\n<p class=\"has-text-align-center\" id=\"block-324027a7-3f6a-4a9d-805e-8391d190fd39\" style=\"font-size:23px\">Pridajte sa k n\u00e1m!<\/p>\n\n\n\n<p class=\"has-text-align-center\" id=\"block-9f03b79e-f9fc-45b0-a61d-87262a30e5bd\" style=\"font-size:23px\">PRIHLASOVANIE JE MO\u017dN\u00c9 DO 13.9.2025 NA MAILOV\u00da ADRESU lukostrelecka.akademia@gmail.com . V PR\u00cdPADE Z\u00c1UJMU N\u00c1S KONTAKTUJTE NA TEJTO ADRESE, PRIHL\u00c1\u0160KU V\u00c1M ZA\u0160LEME EMAILOM. <\/p>\n\n\n\n<p>Nahl\u00e1ste n\u00e1m V\u00e1\u0161 z\u00e1ujem prihl\u00e1si\u0165 die\u0165a do na\u0161ej akad\u00e9mie, kontaktujte n\u00e1s emailom na adrese lukostrelecka.akademia@gmail.com My V\u00e1m za\u0161leme prihl\u00e1\u0161ku, ktor\u00fa n\u00e1m vyplnen\u00fa za\u0161lete mailom. Na z\u00e1klade prihl\u00e1\u0161ky zarad\u00edme Va\u0161e die\u0165a do tr\u00e9ningovej skupiny. Tr\u00e9ningy nov\u00e1\u010dikov za\u010d\u00ednaj\u00fa 15.9.2025. Tr\u00e9nujeme na lukostrelnici v are\u00e1li Pri hati 10 v Ko\u0161iciach. Ak m\u00e1te \u010fal\u0161ie ot\u00e1zky, nev\u00e1hajte n\u00e1s kontaktova\u0165.<\/p>\n\n\n\n<div class=\"wp-block-image\"><figure class=\"aligncenter size-large\"><img loading=\"lazy\" width=\"1024\" height=\"632\" src=\"http:\/\/www.lukostrelecka-akademia.sk\/wp-content\/uploads\/2025\/09\/Snimka-obrazovky-2025-09-10-083454-1024x632.png\" alt=\"\" class=\"wp-image-629\" srcset=\"https:\/\/www.lukostrelecka-akademia.sk\/wp-content\/uploads\/2025\/09\/Snimka-obrazovky-2025-09-10-083454-1024x632.png 1024w, https:\/\/www.lukostrelecka-akademia.sk\/wp-content\/uploads\/2025\/09\/Snimka-obrazovky-2025-09-10-083454-300x185.png 300w, https:\/\/www.lukostrelecka-akademia.sk\/wp-content\/uploads\/2025\/09\/Snimka-obrazovky-2025-09-10-083454-768x474.png 768w, https:\/\/www.lukostrelecka-akademia.sk\/wp-content\/uploads\/2025\/09\/Snimka-obrazovky-2025-09-10-083454-389x240.png 389w, https:\/\/www.lukostrelecka-akademia.sk\/wp-content\/uploads\/2025\/09\/Snimka-obrazovky-2025-09-10-083454.png 1079w\" sizes=\"(max-width: 1024px) 100vw, 1024px\" \/><\/figure><\/div>\n\n\n\n<ul><li><\/li><\/ul>\n\n\n\n<p id=\"block-5bd15aae-0a87-43e4-9aec-2d5db9f8d427\">Na\u0161im cie\u013eom je zozn\u00e1mi\u0165 deti a ml\u00e1de\u017e s lukostre\u013ebou, jej \u0161portovou str\u00e1nkou a pripravova\u0165 ml\u00e1de\u017e pre \u00fa\u010das\u0165 na s\u00fa\u0165a\u017eiach s cie\u013eom z\u00edska\u0165 miestenku na Olympijsk\u00e9 hry ml\u00e1de\u017ee. Radi V\u00e1s priv\u00edtame na na\u0161ich n\u00e1boroch, ktor\u00e9 sa uskuto\u010dnia v are\u00e1li UVLF v spolupr\u00e1ci s miestnym klubom. Are\u00e1l a strelnica sa nach\u00e1dza hne\u010f ved\u013ea splavu pri Horn\u00e1de (<a rel=\"noreferrer noopener\" href=\"https:\/\/www.google.com\/maps\/place\/X10+Academy+-+1.Lukostreleck%C3%A1+akad%C3%A9mia\/@48.7467794,21.2554985,16z\/data=!4m5!3m4!1s0x0:0x418594608556fb3d!8m2!3d48.7468212!4d21.2594427\" target=\"_blank\">mapa<\/a>).<\/p>\n\n\n\n<p id=\"block-7ffd7980-1521-4068-b700-2c829b38e90b\">Pr\u00ed\u010fte na n\u00e1bor, kde sa stretnete s na\u0161imi tr\u00e9nermi, ktor\u00ed V\u00e1s obozn\u00e1mia s podmienkami, predstavia strelnicu a odovzdaj\u00fa v\u0161etky potrebn\u00e9 inform\u00e1cie. V pr\u00edpade z\u00e1ujmu n\u00e1s tie\u017e m\u00f4\u017eete kontaktova\u0165 aj telefonicky na \u010d\u00edsle uvedenom v sekcii &#8222;<a href=\"https:\/\/www.lukostrelecka-akademia.sk\/index.php\/kontakt\/\">Kontakt<\/a>&#8222;<\/p>\n\n\n\n<p class=\"has-text-align-center\" id=\"block-37be11dd-3042-4de0-8f62-527aa1ac2dd4\">Svoj z\u00e1ujem n\u00e1m nahl\u00e1ste prostredn\u00edctvom e-mailu na <a rel=\"noreferrer noopener\" href=\"mailto:lukostrelecka.akademia@gmail.com\" target=\"_blank\">lukostrelecka.akademia@gmail.com<\/a>.<\/p>\n\n\n\n<p class=\"has-text-align-center\" id=\"block-fcd567f8-b7f3-4dce-b686-26ce8b397daa\">Pre prv\u00e9 tr\u00e9ningy V\u00e1m zapo\u017ei\u010diame potrebn\u00fa v\u00fdstroj, aby ste si lukostre\u013ebu mohli bez probl\u00e9mov vysk\u00fa\u0161a\u0165.<\/p>\n\n\n\n<p class=\"has-text-align-center\" id=\"block-92095dd5-0425-4c29-9e54-d3b28d1f2e79\">INFORM\u00c1CIE O NAJBLI\u017d\u0160OM N\u00c1BORE N\u00c1JDETE AJ NA <a rel=\"noreferrer noopener\" href=\"https:\/\/www.facebook.com\/PrvaLukostreleckaAkademia\" target=\"_blank\">FACEBOOKU<\/a> A <a rel=\"noreferrer noopener\" href=\"https:\/\/www.instagram.com\/x10_academy_kosice\/\" target=\"_blank\">INSTAGRAME<\/a>.<\/p>\n\n\n\n<p class=\"has-text-align-center\" id=\"block-5857fc4e-962c-4fe5-a7f1-1990715264a3\"><strong>Parkovanie je mo\u017en\u00e9 priamo v are\u00e1li pri na\u0161ej lukostrelnici.<\/strong><\/p>\n\n\n\n<p><\/p>\n\n\n\n<p id=\"block-ad5b761b-c32e-499b-b17e-371687357003\"><strong>\u010casto kladen\u00e9 ot\u00e1zky<\/strong> <strong>Q&amp;A<\/strong><\/p>\n\n\n\n<p id=\"block-cfa9e56e-407f-4630-b66e-cf8dc712bf50\"><strong><em>Pre\u010do za\u010da\u0165 s&nbsp;lukostre\u013ebou?<\/em><\/strong><\/p>\n\n\n\n<p id=\"block-3c418923-7515-4b0b-bc66-49d2f9c40627\">Lukostre\u013eba je tradi\u010dn\u00fdm olympijsk\u00fdm \u0161portom a&nbsp;organizuj\u00fa sa v&nbsp;nej tie\u017e MS a&nbsp;ME. Nako\u013eko je to individu\u00e1lny \u0161port, v\u00fdsledok z\u00e1vis\u00ed len a&nbsp;len od vynalo\u017een\u00e9ho \u00fasilia a&nbsp;zru\u010dnost\u00ed ka\u017ed\u00e9ho strelca. Z\u00e1rove\u0148 rozv\u00edja osobnos\u0165 \u010dloveka po v\u0161etk\u00fdch str\u00e1nkach: fyzick\u00fa silu, technick\u00fa zdatnos\u0165, sebakontrolu a&nbsp;koncentr\u00e1ciu. Samotn\u00fd v\u00fdstrel z luku a pocit z vystrelenia prv\u00e9ho \u0161\u00edpu je naj\u010dastej\u0161\u00edm d\u00f4vodom, pre\u010do sa lukostre\u013eba \u013eu\u010fom zap\u00e1\u010di. Radi sa mu venuj\u00fa aj \u013eudia, ktor\u00ed nemaj\u00fa radi kolekt\u00edvne \u0161porty, alebo fyzick\u00fd kontakt z nich vypl\u00fdvaj\u00faci. Svojou nekontaktnos\u0165ou a ladnos\u0165ou je tento \u0161port vhodn\u00fd najm\u00e4 pre \u017eeny.<\/p>\n\n\n\n<p id=\"block-ff289ec3-b0e6-409a-9aed-c5ab7e88124d\"><strong><em>Kto sa m\u00f4\u017ee sta\u0165 lukostrelcom?<\/em><\/strong><\/p>\n\n\n\n<p id=\"block-af7c2e72-5ec1-4cb6-afd2-707ce846ef79\">Lukostrelcom sa m\u00f4\u017ee sta\u0165 ka\u017ed\u00fd, kto m\u00e1 r\u00e1d tento \u0161port. Je ur\u010den\u00fd rovnako diev\u010dat\u00e1m aj chlapcom. Najlep\u0161ie je za\u010da\u0165 s t\u00fdmto \u0161portom vo veku od10 do 12 rokov, kedy m\u00e1 die\u0165a vyvinut\u00fa motoriku pohybov a m\u00e1 u\u017e v\u00fd\u0161ku pribli\u017ene 150cm. V tomto roku organizujeme n\u00e1bor det\u00ed v ro\u010dn\u00edkoch 2013 &#8211; 2015.<\/p>\n\n\n\n<p id=\"block-f200af38-29ab-4574-9111-9adeb771d5d6\"><strong><em>Ako sa m\u00f4\u017eem prihl\u00e1si\u0165 do akad\u00e9mie?<\/em><\/strong><\/p>\n\n\n\n<p id=\"block-5151adb8-5d1a-474b-9447-ea29f04c02f8\">Ak ste sa po pre\u010d\u00edtan\u00ed inform\u00e1ci\u00ed na na\u0161ej webovej str\u00e1nke alebo let\u00e1ku rozhodli sta\u0165 sa \u010dlenmi na\u0161ej akad\u00e9mie, sta\u010d\u00ed ak n\u00e1s kontaktujete, alebo sa osobne dostav\u00edte na n\u00e1\u0161 n\u00e1borov\u00fd de\u0148, kde si lukostre\u013ebu m\u00f4\u017eete aj vysk\u00fa\u0161a\u0165. Po vyplnen\u00ed prihl\u00e1\u0161ky,&nbsp;vyhl\u00e1senia o&nbsp;zdravotnej sp\u00f4sobilosti a&nbsp;zaplaten\u00ed z\u00e1pisn\u00e9ho a mesa\u010dn\u00e9ho poplatku sa st\u00e1vate \u010dlenom akad\u00e9mie.<\/p>\n\n\n\n<p id=\"block-5dde24a5-a64e-4fdb-9550-f306297f4b72\"><strong><em>Ako prebiehaj\u00fa tr\u00e9ningy?<\/em><\/strong><\/p>\n\n\n\n<p id=\"block-804a4e32-e4ea-4904-9de5-4ac5b5964683\">Strelci sa dostavia na tr\u00e9ning dostato\u010dne v\u010das, aby sa pripravili a&nbsp;rozcvi\u010dili najlep\u0161ie 15 min\u00fat pred ofici\u00e1lnym za\u010diatkom. Za\u010diato\u010dn\u00edci sa najprv u\u010dia pohyby, ktor\u00e9 s\u00fa pre lukostre\u013ebu \u0161pecifick\u00e9 a&nbsp;n\u00e1sledne sa postupne prepracov\u00e1vaj\u00fa k&nbsp;samotnej stre\u013ebe z&nbsp;luku. V&nbsp;tr\u00e9ningu vyu\u017e\u00edvame r\u00f4zne cvi\u010denia a&nbsp;m\u00e1me zau\u017e\u00edvan\u00fd syst\u00e9m \u201ekrok za krokom\u201c. Pokia\u013e strelec zvl\u00e1dne dan\u00e9 cvi\u010denie, pokra\u010duje so zlo\u017eitej\u0161\u00edmi prvkami. Po zvl\u00e1dnut\u00ed z\u00e1kladov sa strelci zdokona\u013euj\u00fa v&nbsp;stre\u013ebe na vzdialenosti. Na konci ka\u017ed\u00e9ho tr\u00e9ningu sa venujeme kondi\u010dnej pr\u00edprave. Cie\u013eom tr\u00e9ningov je strelcov v \u010do najkrat\u0161om \u010dase dokonale pripravi\u0165 pre \u00fa\u010das\u0165 na s\u00fa\u0165a\u017eiach.<\/p>\n\n\n\n<p id=\"block-89a284fb-ff00-41d5-a7f0-604a17d9c20e\"><strong><em>Ako \u010dasto sa tr\u00e9nuje?<\/em><\/strong><\/p>\n\n\n\n<p id=\"block-b6c72023-1e6e-48b8-945a-ab0dacbdabe3\">Za\u010diato\u010dn\u00edci tr\u00e9nuj\u00fa 2-kr\u00e1t t\u00fd\u017edenne. T\u00ed, ktor\u00ed \u00faspe\u0161ne absolvuj\u00fa za\u010diato\u010dn\u00edcky tr\u00e9ning sa zaradia medzi pokro\u010dil\u00fdch a&nbsp;tr\u00e9nuj\u00fa 3-kr\u00e1t t\u00fd\u017edenne. Profesion\u00e1lni strelci absolvuj\u00fa tr\u00e9ningy ka\u017ed\u00fd pracovn\u00fd de\u0148. V roku 2025 otv\u00e1rame 2 tr\u00e9ningov\u00e9 skupiny. Tr\u00e9ningov\u00e9 \u010dasy pre za\u010diato\u010dn\u00edkov s\u00fa od 15:00 do 16:30 v\u017edy v pondelok &#8211; stredu, alebo utorok &#8211; \u0161tvrtok.<\/p>\n\n\n\n<p id=\"block-473ea954-4a08-42c4-a711-cea713500a42\"><strong><em>Mus\u00edm si k\u00fapi\u0165 vlastn\u00fd luk?<\/em><\/strong><\/p>\n\n\n\n<p id=\"block-2a830abb-ecc5-4f83-b063-e942a2bad3e3\">V\u0161etci za\u010diato\u010dn\u00edci, ktor\u00ed absolvuj\u00fa za\u010diato\u010dn\u00edcky tr\u00e9ning m\u00f4\u017eu vyu\u017e\u00edva\u0165 na\u0161e tr\u00e9ningov\u00e9 luky, pok\u00fdm neukon\u010dia za\u010diato\u010dn\u00edcky v\u00fdcvik, ktor\u00fd trv\u00e1 pribli\u017ene 1 &#8211; 3mesiace v z\u00e1vislosti od \u0161ikovnosti strelca. Ke\u010f\u017ee luk aj \u0161\u00edpy musia by\u0165 prisp\u00f4soben\u00e9 ka\u017ed\u00e9mu strelcovi individu\u00e1lne na z\u00e1klade jeho d\u013a\u017eky n\u00e1\u0165ahu, sily a&nbsp;osobn\u00fdch preferenci\u00ed je d\u00f4le\u017eit\u00e9 po absolvovan\u00ed za\u010diato\u010dn\u00edckeho kurzu zaobstara\u0165 si vlastn\u00fa v\u00fdstroj, aby strelec mohol \u010falej napredova\u0165. S&nbsp;touto v\u00fdstrojov sa n\u00e1sledne strelci m\u00f4\u017eu z\u00fa\u010dast\u0148ova\u0165 aj s\u00fa\u0165a\u017e\u00ed.<\/p>\n\n\n\n<p id=\"block-3263fabe-ab1a-4684-a938-c2d83a442b47\"><strong><em>Kde si viem zaobstara\u0165 vlastn\u00fd luk?<\/em><\/strong><\/p>\n\n\n\n<p id=\"block-c9a0260f-36ab-4945-884b-3a56a0241e4d\">Pre zabezpe\u010denie si v\u00fdstroje nemus\u00edte nikam chodi\u0165, v&nbsp;na\u0161ej akad\u00e9mii V\u00e1m pom\u00f4\u017eeme v\u0161etko zabezpe\u010di\u0165. Na\u0161i tr\u00e9neri V\u00e1m poskytn\u00fa konzult\u00e1ciu aj odborn\u00fa pomoc pri v\u00fdbere potrebn\u00e9ho n\u00e1radia a&nbsp;pom\u00f4\u017eu pri objedn\u00e1vke, ktor\u00fa m\u00f4\u017eete urobi\u0165 priamo u&nbsp;n\u00e1s. Niektor\u00e9 n\u00e1radie m\u00e1me priamo skladom, pri objednan\u00ed dodanie trv\u00e1 pribli\u017ene 1 &#8211; 3 t\u00fd\u017edne. Neodpor\u00fa\u010dame nakupova\u0165 lukostreleck\u00e9 n\u00e1radie na internete, alebo na vlastn\u00fa p\u00e4s\u0165, nako\u013eko tak\u00e9to n\u00e1radie nemus\u00ed by\u0165 pre dan\u00e9ho strelca vhodn\u00e9, tak\u017ee by ho nemohol pou\u017e\u00edva\u0165. Pri n\u00e1kupe prv\u00e9ho luku V\u00e1m v\u017edy priprav\u00edme ponuku na mieru pre Va\u0161e die\u0165a, kde si m\u00f4\u017eete vybra\u0165 z nieko\u013ek\u00fdch variantov.<\/p>\n\n\n\n<p id=\"block-75e1175f-46e6-46dd-a9f5-be8b8f884c3d\"><strong><em>M\u00f4\u017eem robi\u0165 lukostre\u013ebu aj s\u00fa\u0165a\u017ene?<\/em><\/strong><\/p>\n\n\n\n<p id=\"block-7d47a65c-95a5-41c7-82e7-3b86129f6bdd\">Na\u0161a akad\u00e9mia sa prioritne zaober\u00e1 v\u00fdchovou strelcov pre \u00fa\u010das\u0165 na slovensk\u00fdch a&nbsp;medzin\u00e1rodn\u00fdch s\u00fa\u0165a\u017eiach a&nbsp;potreby Slovenskej reprezent\u00e1cie s&nbsp;cie\u013eom z\u00edskava\u0165 medailov\u00e9 umiestnenia na ve\u013ek\u00fdch medzin\u00e1rodn\u00fdch podujatiach. Na\u0161im cie\u013eom je, aby sa v\u0161etci \u010dlenovia na\u0161ej akad\u00e9mie po dosiahnut\u00ed potrebnej \u00farovne mohli z\u00fa\u010dastni\u0165 na s\u00fa\u0165a\u017eiach. V r\u00e1mci Slovenska sa organizuj\u00fa Majstrovstv\u00e1 Slovenska, Slovensk\u00fd poh\u00e1r a r\u00f4zne in\u00e9 lok\u00e1lne s\u00fa\u0165a\u017ee v r\u00f4znych discipl\u00ednach. Inform\u00e1cie o&nbsp;s\u00fa\u0165a\u017eiach poskytneme priebe\u017ene.<\/p>\n\n\n\n<p id=\"block-f8aafc4e-19de-4a24-b958-67aca67a8378\"><strong><em>Ak\u00e9 s\u00fa poplatky v akad\u00e9mii?<\/em><\/strong><\/p>\n\n\n\n<p id=\"block-ed2ffea2-2d23-4586-b7d5-021a962aec14\">Mesa\u010dn\u00fd poplatok v akad\u00e9mii je 50eur. Tento poplatok je potrebn\u00e9 uhradi\u0165 v\u017edy do 10 d\u0148a dan\u00e9ho mesiaca prevodom na \u00fa\u010det. Z\u00e1rove\u0148 sa u n\u00e1s uhr\u00e1dza ro\u010dn\u00fd z\u00e1pisn\u00fd poplatok 10eur. Tento poplatok sa uhr\u00e1dza v hotovosti v mesiaci, kedy nov\u00fd \u010dlen nast\u00fapi do akad\u00e9mie a n\u00e1sledne v\u017edy v janu\u00e1ri ka\u017ed\u00e9ho \u010fal\u0161ieho roka.<\/p>\n","protected":false},"excerpt":{"rendered":"<p>DIEV\u010cAT\u00c1 A CHLAPCI RO\u010cN\u00cdKOV 2013, 2014 a 2015 Pridajte sa k n\u00e1m! PRIHLASOVANIE JE MO\u017dN\u00c9 DO 13.9.2025 NA MAILOV\u00da ADRESU lukostrelecka.akademia@gmail.com . V PR\u00cdPADE Z\u00c1UJMU N\u00c1S KONTAKTUJTE NA TEJTO ADRESE, PRIHL\u00c1\u0160KU V\u00c1M ZA\u0160LEME EMAILOM. Nahl\u00e1ste &hellip;<\/p>\n","protected":false},"author":1,"featured_media":0,"parent":0,"menu_order":0,"comment_status":"closed","ping_status":"closed","template":"","meta":[],"_links":{"self":[{"href":"https:\/\/www.lukostrelecka-akademia.sk\/index.php\/wp-json\/wp\/v2\/pages\/172"}],"collection":[{"href":"https:\/\/www.lukostrelecka-akademia.sk\/index.php\/wp-json\/wp\/v2\/pages"}],"about":[{"href":"https:\/\/www.lukostrelecka-akademia.sk\/index.php\/wp-json\/wp\/v2\/types\/page"}],"author":[{"embeddable":true,"href":"https:\/\/www.lukostrelecka-akademia.sk\/index.php\/wp-json\/wp\/v2\/users\/1"}],"replies":[{"embeddable":true,"href":"https:\/\/www.lukostrelecka-akademia.sk\/index.php\/wp-json\/wp\/v2\/comments?post=172"}],"version-history":[{"count":30,"href":"https:\/\/www.lukostrelecka-akademia.sk\/index.php\/wp-json\/wp\/v2\/pages\/172\/revisions"}],"predecessor-version":[{"id":637,"href":"https:\/\/www.lukostrelecka-akademia.sk\/index.php\/wp-json\/wp\/v2\/pages\/172\/revisions\/637"}],"wp:attachment":[{"href":"https:\/\/www.lukostrelecka-akademia.sk\/index.php\/wp-json\/wp\/v2\/media?parent=172"}],"curies":[{"name":"wp","href":"https:\/\/api.w.org\/{rel}","templated":true}]}}